{"id":47,"date":"2024-10-25T10:52:57","date_gmt":"2024-10-25T08:52:57","guid":{"rendered":"https:\/\/projektyarchidea.pl\/?page_id=47"},"modified":"2024-11-25T11:33:21","modified_gmt":"2024-11-25T10:33:21","slug":"kontakt","status":"publish","type":"page","link":"https:\/\/projektyarchidea.pl\/index.php\/kontakt\/","title":{"rendered":"Kontakt"},"content":{"rendered":"\n<div class=\"wp-block-group alignfull has-base-2-background-color has-background has-global-padding is-layout-constrained wp-container-core-group-is-layout-1 wp-block-group-is-layout-constrained\" style=\"margin-top:0;margin-bottom:0;padding-top:var(--wp--preset--spacing--50);padding-right:var(--wp--preset--spacing--50);padding-bottom:var(--wp--preset--spacing--50);padding-left:var(--wp--preset--spacing--50)\">\n<div class=\"wp-block-columns alignwide is-layout-flex wp-container-core-columns-is-layout-1 wp-block-columns-is-layout-flex\">\n<div class=\"wp-block-column is-layout-flow wp-block-column-is-layout-flow\" style=\"flex-basis:50%\">\n<p>Masz pytania? Skontaktuj si\u0119 z nami! Je\u015bli nasza oferta wzbudzi\u0142a Twoje zainteresowanie lub chcesz dowiedzie\u0107 si\u0119 wi\u0119cej o naszych us\u0142ugach, to serdecznie zapraszamy do kontaktu. <br>Mo\u017cesz wype\u0142ni\u0107 formularz kontaktowy dost\u0119pny na naszej stronie lub zadzwoni\u0107 &#8211; pomo\u017cemy rozwia\u0107 wszelkie w\u0105tpliwo\u015bci. Czekamy na Tw\u00f3j kontakt &#8211; porozmawiajmy o Twojej wizji i wsp\u00f3lnie j\u0105 zrealizujmy! <\/p>\n\n\n\n<h4 class=\"wp-block-heading\"><strong>Archidea Pracownia Projektowa Agnieszka Rybia\u0142ek<\/strong><\/h4>\n\n\n\n<p>ul. Wielu\u0144ska 22A,<br>98-400 Wierusz\u00f3w<\/p>\n\n\n\n<p>Telefon: +48 721 680 225<\/p>\n\n\n\n<p>Adres e-mail:&nbsp;<a href=\"mailto:projekty.archidea@gmail.com\">projekty.archidea@gmail.com<\/a><\/p>\n<\/div>\n\n\n\n<div class=\"wp-block-column is-layout-flow wp-block-column-is-layout-flow\" style=\"flex-basis:60%\">\n<div class=\"wp-block-contact-form-7-contact-form-selector\">\n<div class=\"wpcf7 no-js\" id=\"wpcf7-f218-o1\" lang=\"pl-PL\" dir=\"ltr\" data-wpcf7-id=\"218\">\n<div class=\"screen-reader-response\"><p role=\"status\" aria-live=\"polite\" aria-atomic=\"true\"><\/p> <ul><\/ul><\/div>\n<form action=\"\/index.php\/wp-json\/wp\/v2\/pages\/47#wpcf7-f218-o1\" method=\"post\" class=\"wpcf7-form init\" aria-label=\"Formularz kontaktowy\" novalidate=\"novalidate\" data-status=\"init\">\n<div style=\"display: none;\">\n<input type=\"hidden\" name=\"_wpcf7\" value=\"218\" \/>\n<input type=\"hidden\" name=\"_wpcf7_version\" value=\"6.0\" \/>\n<input type=\"hidden\" name=\"_wpcf7_locale\" value=\"pl_PL\" \/>\n<input type=\"hidden\" name=\"_wpcf7_unit_tag\" value=\"wpcf7-f218-o1\" \/>\n<input type=\"hidden\" name=\"_wpcf7_container_post\" value=\"0\" \/>\n<input type=\"hidden\" name=\"_wpcf7_posted_data_hash\" value=\"\" \/>\n<\/div>\n<p><label> Twoje imi\u0119 i nazwisko<br \/>\n<span class=\"wpcf7-form-control-wrap\" data-name=\"your-name\"><input size=\"40\" maxlength=\"400\" class=\"wpcf7-form-control wpcf7-text wpcf7-validates-as-required\" autocomplete=\"name\" aria-required=\"true\" aria-invalid=\"false\" value=\"\" type=\"text\" name=\"your-name\" \/><\/span> <\/label>\n<\/p>\n<p><label> Tw\u00f3j adres e-mail<br \/>\n<span class=\"wpcf7-form-control-wrap\" data-name=\"your-email\"><input size=\"40\" maxlength=\"400\" class=\"wpcf7-form-control wpcf7-email wpcf7-validates-as-required wpcf7-text wpcf7-validates-as-email\" autocomplete=\"email\" aria-required=\"true\" aria-invalid=\"false\" value=\"\" type=\"email\" name=\"your-email\" \/><\/span> <\/label>\n<\/p>\n<p><label> Temat<br \/>\n<span class=\"wpcf7-form-control-wrap\" data-name=\"your-subject\"><input size=\"40\" maxlength=\"400\" class=\"wpcf7-form-control wpcf7-text wpcf7-validates-as-required\" aria-required=\"true\" aria-invalid=\"false\" value=\"\" type=\"text\" name=\"your-subject\" \/><\/span> <\/label>\n<\/p>\n<p><label> Twoja wiadomo\u015bci (opcjonalne)<br \/>\n<span class=\"wpcf7-form-control-wrap\" data-name=\"your-message\"><textarea cols=\"40\" rows=\"10\" maxlength=\"2000\" class=\"wpcf7-form-control wpcf7-textarea\" aria-invalid=\"false\" name=\"your-message\"><\/textarea><\/span> <\/label>\n<\/p>\n<p><input class=\"wpcf7-form-control wpcf7-submit has-spinner\" type=\"submit\" value=\"Wy\u015blij\" \/>\n<\/p><div class=\"wpcf7-response-output\" aria-hidden=\"true\"><\/div>\n<\/form>\n<\/div>\n<\/div>\n<\/div>\n<\/div>\n\n\n\n<div class=\"wp-block-columns is-layout-flex wp-container-core-columns-is-layout-2 wp-block-columns-is-layout-flex\">\n<div class=\"wp-block-column is-layout-flow wp-block-column-is-layout-flow\">\n<iframe src=\"https:\/\/www.google.com\/maps\/embed?pb=!1m18!1m12!1m3!1d19958.412962814004!2d18.131284245348528!3d51.29637467781369!2m3!1f0!2f0!3f0!3m2!1i1024!2i768!4f13.1!3m3!1m2!1s0x471a9de508bfe60f%3A0x46886f345d76ea95!2s98-400%20Wierusz%C3%B3w!5e0!3m2!1spl!2spl!4v1731579244211!5m2!1spl!2spl\" width=\"100%\" height=\"450\" style=\"border:0;\" allowfullscreen=\"\" loading=\"lazy\" referrerpolicy=\"no-referrer-when-downgrade\"><\/iframe>\n<\/div>\n<\/div>\n<\/div>\n\n\n\n<p><\/p>\n","protected":false},"excerpt":{"rendered":"<p>Masz pytania? Skontaktuj si\u0119 z nami! Je\u015bli nasza oferta wzbudzi\u0142a Twoje zainteresowanie lub chcesz dowiedzie\u0107 si\u0119 wi\u0119cej o naszych us\u0142ugach, to serdecznie zapraszamy do kontaktu. Mo\u017cesz wype\u0142ni\u0107 formularz kontaktowy dost\u0119pny na naszej stronie lub zadzwoni\u0107 &#8211; pomo\u017cemy rozwia\u0107 wszelkie w\u0105tpliwo\u015bci. Czekamy na Tw\u00f3j kontakt &#8211; porozmawiajmy o Twojej wizji i wsp\u00f3lnie j\u0105 zrealizujmy! Archidea Pracownia [&hellip;]<\/p>\n","protected":false},"author":1,"featured_media":0,"parent":0,"menu_order":5,"comment_status":"closed","ping_status":"closed","template":"","meta":{"footnotes":""},"class_list":["post-47","page","type-page","status-publish","hentry"],"yoast_head":"<!-- This site is optimized with the Yoast SEO plugin v23.9 - https:\/\/yoast.com\/wordpress\/plugins\/seo\/ -->\n<title>Kontakt z Archidea Pracownia Projektowa \u2013 Skontaktuj si\u0119 z Nami i Zrealizuj Sw\u00f3j Projekt<\/title>\n<meta name=\"description\" content=\"Chcesz porozmawia\u0107 o swoim projekcie? Skontaktuj si\u0119 z Archidea \u2013 pracowni\u0105 projektow\u0105, kt\u00f3ra stworzy indywidualny projekt domu idealny dla Ciebie.\" \/>\n<meta name=\"robots\" content=\"index, follow, max-snippet:-1, max-image-preview:large, max-video-preview:-1\" \/>\n<link rel=\"canonical\" href=\"https:\/\/projektyarchidea.pl\/index.php\/kontakt\/\" \/>\n<meta property=\"og:locale\" content=\"pl_PL\" \/>\n<meta property=\"og:type\" content=\"article\" \/>\n<meta property=\"og:title\" content=\"Kontakt z Archidea Pracownia Projektowa \u2013 Skontaktuj si\u0119 z Nami i Zrealizuj Sw\u00f3j Projekt\" \/>\n<meta property=\"og:description\" content=\"Chcesz porozmawia\u0107 o swoim projekcie? Skontaktuj si\u0119 z Archidea \u2013 pracowni\u0105 projektow\u0105, kt\u00f3ra stworzy indywidualny projekt domu idealny dla Ciebie.\" \/>\n<meta property=\"og:url\" content=\"https:\/\/projektyarchidea.pl\/index.php\/kontakt\/\" \/>\n<meta property=\"og:site_name\" content=\"projektyarchidea.pl\" \/>\n<meta property=\"article:modified_time\" content=\"2024-11-25T10:33:21+00:00\" \/>\n<meta name=\"twitter:card\" content=\"summary_large_image\" \/>\n<meta name=\"twitter:label1\" content=\"Szacowany czas czytania\" \/>\n\t<meta name=\"twitter:data1\" content=\"1 minuta\" \/>\n<script type=\"application\/ld+json\" class=\"yoast-schema-graph\">{\"@context\":\"https:\/\/schema.org\",\"@graph\":[{\"@type\":\"WebPage\",\"@id\":\"https:\/\/projektyarchidea.pl\/index.php\/kontakt\/\",\"url\":\"https:\/\/projektyarchidea.pl\/index.php\/kontakt\/\",\"name\":\"Kontakt z Archidea Pracownia Projektowa \u2013 Skontaktuj si\u0119 z Nami i Zrealizuj Sw\u00f3j Projekt\",\"isPartOf\":{\"@id\":\"https:\/\/projektyarchidea.pl\/#website\"},\"datePublished\":\"2024-10-25T08:52:57+00:00\",\"dateModified\":\"2024-11-25T10:33:21+00:00\",\"description\":\"Chcesz porozmawia\u0107 o swoim projekcie? Skontaktuj si\u0119 z Archidea \u2013 pracowni\u0105 projektow\u0105, kt\u00f3ra stworzy indywidualny projekt domu idealny dla Ciebie.\",\"breadcrumb\":{\"@id\":\"https:\/\/projektyarchidea.pl\/index.php\/kontakt\/#breadcrumb\"},\"inLanguage\":\"pl-PL\",\"potentialAction\":[{\"@type\":\"ReadAction\",\"target\":[\"https:\/\/projektyarchidea.pl\/index.php\/kontakt\/\"]}]},{\"@type\":\"BreadcrumbList\",\"@id\":\"https:\/\/projektyarchidea.pl\/index.php\/kontakt\/#breadcrumb\",\"itemListElement\":[{\"@type\":\"ListItem\",\"position\":1,\"name\":\"Strona g\u0142\u00f3wna\",\"item\":\"https:\/\/projektyarchidea.pl\/\"},{\"@type\":\"ListItem\",\"position\":2,\"name\":\"Kontakt\"}]},{\"@type\":\"WebSite\",\"@id\":\"https:\/\/projektyarchidea.pl\/#website\",\"url\":\"https:\/\/projektyarchidea.pl\/\",\"name\":\"projektyarchidea.pl\",\"description\":\"\",\"publisher\":{\"@id\":\"https:\/\/projektyarchidea.pl\/#organization\"},\"potentialAction\":[{\"@type\":\"SearchAction\",\"target\":{\"@type\":\"EntryPoint\",\"urlTemplate\":\"https:\/\/projektyarchidea.pl\/?s={search_term_string}\"},\"query-input\":{\"@type\":\"PropertyValueSpecification\",\"valueRequired\":true,\"valueName\":\"search_term_string\"}}],\"inLanguage\":\"pl-PL\"},{\"@type\":\"Organization\",\"@id\":\"https:\/\/projektyarchidea.pl\/#organization\",\"name\":\"projektyarchidea.pl\",\"url\":\"https:\/\/projektyarchidea.pl\/\",\"logo\":{\"@type\":\"ImageObject\",\"inLanguage\":\"pl-PL\",\"@id\":\"https:\/\/projektyarchidea.pl\/#\/schema\/logo\/image\/\",\"url\":\"https:\/\/projektyarchidea.pl\/wp-content\/uploads\/2024\/10\/LOGO-BEZ-TLA.png\",\"contentUrl\":\"https:\/\/projektyarchidea.pl\/wp-content\/uploads\/2024\/10\/LOGO-BEZ-TLA.png\",\"width\":557,\"height\":537,\"caption\":\"projektyarchidea.pl\"},\"image\":{\"@id\":\"https:\/\/projektyarchidea.pl\/#\/schema\/logo\/image\/\"}}]}<\/script>\n<!-- \/ Yoast SEO plugin. -->","yoast_head_json":{"title":"Kontakt z Archidea Pracownia Projektowa \u2013 Skontaktuj si\u0119 z Nami i Zrealizuj Sw\u00f3j Projekt","description":"Chcesz porozmawia\u0107 o swoim projekcie? Skontaktuj si\u0119 z Archidea \u2013 pracowni\u0105 projektow\u0105, kt\u00f3ra stworzy indywidualny projekt domu idealny dla Ciebie.","robots":{"index":"index","follow":"follow","max-snippet":"max-snippet:-1","max-image-preview":"max-image-preview:large","max-video-preview":"max-video-preview:-1"},"canonical":"https:\/\/projektyarchidea.pl\/index.php\/kontakt\/","og_locale":"pl_PL","og_type":"article","og_title":"Kontakt z Archidea Pracownia Projektowa \u2013 Skontaktuj si\u0119 z Nami i Zrealizuj Sw\u00f3j Projekt","og_description":"Chcesz porozmawia\u0107 o swoim projekcie? Skontaktuj si\u0119 z Archidea \u2013 pracowni\u0105 projektow\u0105, kt\u00f3ra stworzy indywidualny projekt domu idealny dla Ciebie.","og_url":"https:\/\/projektyarchidea.pl\/index.php\/kontakt\/","og_site_name":"projektyarchidea.pl","article_modified_time":"2024-11-25T10:33:21+00:00","twitter_card":"summary_large_image","twitter_misc":{"Szacowany czas czytania":"1 minuta"},"schema":{"@context":"https:\/\/schema.org","@graph":[{"@type":"WebPage","@id":"https:\/\/projektyarchidea.pl\/index.php\/kontakt\/","url":"https:\/\/projektyarchidea.pl\/index.php\/kontakt\/","name":"Kontakt z Archidea Pracownia Projektowa \u2013 Skontaktuj si\u0119 z Nami i Zrealizuj Sw\u00f3j Projekt","isPartOf":{"@id":"https:\/\/projektyarchidea.pl\/#website"},"datePublished":"2024-10-25T08:52:57+00:00","dateModified":"2024-11-25T10:33:21+00:00","description":"Chcesz porozmawia\u0107 o swoim projekcie? Skontaktuj si\u0119 z Archidea \u2013 pracowni\u0105 projektow\u0105, kt\u00f3ra stworzy indywidualny projekt domu idealny dla Ciebie.","breadcrumb":{"@id":"https:\/\/projektyarchidea.pl\/index.php\/kontakt\/#breadcrumb"},"inLanguage":"pl-PL","potentialAction":[{"@type":"ReadAction","target":["https:\/\/projektyarchidea.pl\/index.php\/kontakt\/"]}]},{"@type":"BreadcrumbList","@id":"https:\/\/projektyarchidea.pl\/index.php\/kontakt\/#breadcrumb","itemListElement":[{"@type":"ListItem","position":1,"name":"Strona g\u0142\u00f3wna","item":"https:\/\/projektyarchidea.pl\/"},{"@type":"ListItem","position":2,"name":"Kontakt"}]},{"@type":"WebSite","@id":"https:\/\/projektyarchidea.pl\/#website","url":"https:\/\/projektyarchidea.pl\/","name":"projektyarchidea.pl","description":"","publisher":{"@id":"https:\/\/projektyarchidea.pl\/#organization"},"potentialAction":[{"@type":"SearchAction","target":{"@type":"EntryPoint","urlTemplate":"https:\/\/projektyarchidea.pl\/?s={search_term_string}"},"query-input":{"@type":"PropertyValueSpecification","valueRequired":true,"valueName":"search_term_string"}}],"inLanguage":"pl-PL"},{"@type":"Organization","@id":"https:\/\/projektyarchidea.pl\/#organization","name":"projektyarchidea.pl","url":"https:\/\/projektyarchidea.pl\/","logo":{"@type":"ImageObject","inLanguage":"pl-PL","@id":"https:\/\/projektyarchidea.pl\/#\/schema\/logo\/image\/","url":"https:\/\/projektyarchidea.pl\/wp-content\/uploads\/2024\/10\/LOGO-BEZ-TLA.png","contentUrl":"https:\/\/projektyarchidea.pl\/wp-content\/uploads\/2024\/10\/LOGO-BEZ-TLA.png","width":557,"height":537,"caption":"projektyarchidea.pl"},"image":{"@id":"https:\/\/projektyarchidea.pl\/#\/schema\/logo\/image\/"}}]}},"_links":{"self":[{"href":"https:\/\/projektyarchidea.pl\/index.php\/wp-json\/wp\/v2\/pages\/47"}],"collection":[{"href":"https:\/\/projektyarchidea.pl\/index.php\/wp-json\/wp\/v2\/pages"}],"about":[{"href":"https:\/\/projektyarchidea.pl\/index.php\/wp-json\/wp\/v2\/types\/page"}],"author":[{"embeddable":true,"href":"https:\/\/projektyarchidea.pl\/index.php\/wp-json\/wp\/v2\/users\/1"}],"replies":[{"embeddable":true,"href":"https:\/\/projektyarchidea.pl\/index.php\/wp-json\/wp\/v2\/comments?post=47"}],"version-history":[{"count":11,"href":"https:\/\/projektyarchidea.pl\/index.php\/wp-json\/wp\/v2\/pages\/47\/revisions"}],"predecessor-version":[{"id":340,"href":"https:\/\/projektyarchidea.pl\/index.php\/wp-json\/wp\/v2\/pages\/47\/revisions\/340"}],"wp:attachment":[{"href":"https:\/\/projektyarchidea.pl\/index.php\/wp-json\/wp\/v2\/media?parent=47"}],"curies":[{"name":"wp","href":"https:\/\/api.w.org\/{rel}","templated":true}]}}