{"id":45,"date":"2024-10-25T10:52:41","date_gmt":"2024-10-25T08:52:41","guid":{"rendered":"https:\/\/projektyarchidea.pl\/?page_id=45"},"modified":"2024-11-25T11:32:39","modified_gmt":"2024-11-25T10:32:39","slug":"realizacje","status":"publish","type":"page","link":"https:\/\/projektyarchidea.pl\/index.php\/realizacje\/","title":{"rendered":"Realizacje"},"content":{"rendered":"\n<div class=\"wp-block-query alignfull is-layout-flow wp-block-query-is-layout-flow\">\n<div class=\"wp-block-group alignfull has-global-padding is-layout-constrained wp-container-core-group-is-layout-13 wp-block-group-is-layout-constrained\" style=\"padding-top:var(--wp--preset--spacing--40);padding-right:var(--wp--preset--spacing--40);padding-bottom:var(--wp--preset--spacing--40);padding-left:var(--wp--preset--spacing--40)\"><ul style=\"text-transform:none;\" class=\"columns-3 wp-block-post-template is-layout-grid wp-container-core-post-template-is-layout-1 wp-block-post-template-is-layout-grid\"><li class=\"wp-block-post post-392 post type-post status-publish format-standard has-post-thumbnail hentry category-realizacje tag-architekt-wieruszow tag-budynek-mieszkalny tag-dom-z-dachem-dwuspadowym tag-nowoczesna-elewacja tag-projekt-elewacji tag-wizualizacje\">\n\n<div class=\"wp-block-group has-global-padding is-content-justification-left is-layout-constrained wp-container-core-group-is-layout-2 wp-block-group-is-layout-constrained\">\n<div class=\"wp-block-group is-vertical is-layout-flex wp-container-core-group-is-layout-1 wp-block-group-is-layout-flex\" style=\"padding-bottom:var(--wp--preset--spacing--80)\"><figure class=\"wp-block-post-featured-image\"><a href=\"https:\/\/projektyarchidea.pl\/index.php\/2024\/11\/24\/projekt-elewacji-budynku-mieszkalnego\/\" target=\"_self\"  ><img loading=\"lazy\" decoding=\"async\" width=\"1672\" height=\"1058\" src=\"https:\/\/projektyarchidea.pl\/wp-content\/uploads\/2024\/11\/projekt-nowczesnej-elewacji.jpg\" class=\"attachment-post-thumbnail size-post-thumbnail wp-post-image\" alt=\"Projekt elewacji budynku mieszkalnego\" style=\"object-fit:cover;\" srcset=\"https:\/\/projektyarchidea.pl\/wp-content\/uploads\/2024\/11\/projekt-nowczesnej-elewacji.jpg 1672w, https:\/\/projektyarchidea.pl\/wp-content\/uploads\/2024\/11\/projekt-nowczesnej-elewacji-300x190.jpg 300w, https:\/\/projektyarchidea.pl\/wp-content\/uploads\/2024\/11\/projekt-nowczesnej-elewacji-1024x648.jpg 1024w, https:\/\/projektyarchidea.pl\/wp-content\/uploads\/2024\/11\/projekt-nowczesnej-elewacji-768x486.jpg 768w, https:\/\/projektyarchidea.pl\/wp-content\/uploads\/2024\/11\/projekt-nowczesnej-elewacji-1536x972.jpg 1536w\" sizes=\"(max-width: 1672px) 100vw, 1672px\" \/><\/a><\/figure>\n\n<h3 class=\"wp-block-post-title\">Projekt elewacji budynku mieszkalnego<\/h3>\n\n<div class=\"wp-block-post-excerpt\"><p class=\"wp-block-post-excerpt__excerpt\">PROJEKT ELEWACJI &#8211; nowoczesno\u015b\u0107 i precyzja Przygotowali\u015bmy projekt elewacji dla nowoczesnego budynku mieszkalnego w gminie Pieszyce. Dzi\u0119ki sprawnej komunikacji i elastyczno\u015bci, ca\u0142a wsp\u00f3\u0142praca odby\u0142a si\u0119 zdalnie. Projekt elewacji wyr\u00f3\u017cnia: Zdalna realizacja tego projektu dowodzi, \u017ce granice i odleg\u0142o\u015b\u0107 nie stanowi\u0105 dla nas przeszkody. Zawsze d\u0105\u017cymy do tego, by spe\u0142ni\u0107 oczekiwania Inwestor\u00f3w, niezale\u017cnie od wyzwa\u0144.<\/p><p class=\"wp-block-post-excerpt__more-text\"><a class=\"wp-block-post-excerpt__more-link\" href=\"https:\/\/projektyarchidea.pl\/index.php\/2024\/11\/24\/projekt-elewacji-budynku-mieszkalnego\/\">Czytaj dalej..<\/a><\/p><\/div><\/div>\n<\/div>\n\n<\/li><li class=\"wp-block-post post-384 post type-post status-publish format-standard has-post-thumbnail hentry category-realizacje\">\n\n<div class=\"wp-block-group has-global-padding is-content-justification-left is-layout-constrained wp-container-core-group-is-layout-4 wp-block-group-is-layout-constrained\">\n<div class=\"wp-block-group is-vertical is-layout-flex wp-container-core-group-is-layout-3 wp-block-group-is-layout-flex\" style=\"padding-bottom:var(--wp--preset--spacing--80)\"><figure class=\"wp-block-post-featured-image\"><a href=\"https:\/\/projektyarchidea.pl\/index.php\/2024\/11\/24\/osiedle-budynkow-w-zabudowie-szeregowej\/\" target=\"_self\"  ><img loading=\"lazy\" decoding=\"async\" width=\"1397\" height=\"908\" src=\"https:\/\/projektyarchidea.pl\/wp-content\/uploads\/2024\/11\/Osiedle-Bralin.jpg\" class=\"attachment-post-thumbnail size-post-thumbnail wp-post-image\" alt=\"Osiedle budynk\u00f3w w zabudowie szeregowej\" style=\"object-fit:cover;\" srcset=\"https:\/\/projektyarchidea.pl\/wp-content\/uploads\/2024\/11\/Osiedle-Bralin.jpg 1397w, https:\/\/projektyarchidea.pl\/wp-content\/uploads\/2024\/11\/Osiedle-Bralin-300x195.jpg 300w, https:\/\/projektyarchidea.pl\/wp-content\/uploads\/2024\/11\/Osiedle-Bralin-1024x666.jpg 1024w, https:\/\/projektyarchidea.pl\/wp-content\/uploads\/2024\/11\/Osiedle-Bralin-768x499.jpg 768w\" sizes=\"(max-width: 1397px) 100vw, 1397px\" \/><\/a><\/figure>\n\n<h3 class=\"wp-block-post-title\">Osiedle budynk\u00f3w w zabudowie szeregowej<\/h3>\n\n<div class=\"wp-block-post-excerpt\"><p class=\"wp-block-post-excerpt__excerpt\">MATERIA\u0141Y MARKETINGOWE Nasze biuro architektoniczne oferuje kompleksowe przygotowanie materia\u0142\u00f3w marketingowych tak\u017ce na bazie projekt\u00f3w budowlanych dostarczonych przez zewn\u0119trzne biura projektowe. Dzi\u0119ki naszemu do\u015bwiadczeniu w tworzeniu wizualizacji, pomagamy Inwestorom w atrakcyjnym zaprezentowaniu swoich przedsi\u0119wzi\u0119\u0107. Przygotowali\u015bmy wizualizacje osiedla budynk\u00f3w mieszkalnych w zabudowie szeregowej, zlokalizowanego w gminie Bralin, na podstawie projektu otrzymanego przez zewn\u0119trzne biuro projektowe. Wsp\u00f3lnie z&hellip;<\/p><p class=\"wp-block-post-excerpt__more-text\"><a class=\"wp-block-post-excerpt__more-link\" href=\"https:\/\/projektyarchidea.pl\/index.php\/2024\/11\/24\/osiedle-budynkow-w-zabudowie-szeregowej\/\">Czytaj dalej..<\/a><\/p><\/div><\/div>\n<\/div>\n\n<\/li><li class=\"wp-block-post post-305 post type-post status-publish format-standard has-post-thumbnail hentry category-realizacje tag-architekt-kepno tag-architekt-wielun tag-architekt-wieruszow tag-projekt-budynku tag-wizualizacje tag-wizualizacje-domu\">\n\n<div class=\"wp-block-group has-global-padding is-content-justification-left is-layout-constrained wp-container-core-group-is-layout-6 wp-block-group-is-layout-constrained\">\n<div class=\"wp-block-group is-vertical is-layout-flex wp-container-core-group-is-layout-5 wp-block-group-is-layout-flex\" style=\"padding-bottom:var(--wp--preset--spacing--80)\"><figure class=\"wp-block-post-featured-image\"><a href=\"https:\/\/projektyarchidea.pl\/index.php\/2024\/11\/20\/osiedle-budynkow-mieszkalnych-jednorodzinnych-gmina-galewice\/\" target=\"_self\"  ><img loading=\"lazy\" decoding=\"async\" width=\"1920\" height=\"1247\" src=\"https:\/\/projektyarchidea.pl\/wp-content\/uploads\/2024\/11\/Dom-mieszkalny-jednorodzinny.jpg\" class=\"attachment-post-thumbnail size-post-thumbnail wp-post-image\" alt=\"Osiedle budynk\u00f3w mieszkalnych jednorodzinnych, gmina Galewice\" style=\"object-fit:cover;\" srcset=\"https:\/\/projektyarchidea.pl\/wp-content\/uploads\/2024\/11\/Dom-mieszkalny-jednorodzinny.jpg 1920w, https:\/\/projektyarchidea.pl\/wp-content\/uploads\/2024\/11\/Dom-mieszkalny-jednorodzinny-300x195.jpg 300w, https:\/\/projektyarchidea.pl\/wp-content\/uploads\/2024\/11\/Dom-mieszkalny-jednorodzinny-1024x665.jpg 1024w, https:\/\/projektyarchidea.pl\/wp-content\/uploads\/2024\/11\/Dom-mieszkalny-jednorodzinny-768x499.jpg 768w, https:\/\/projektyarchidea.pl\/wp-content\/uploads\/2024\/11\/Dom-mieszkalny-jednorodzinny-1536x998.jpg 1536w\" sizes=\"(max-width: 1920px) 100vw, 1920px\" \/><\/a><\/figure>\n\n<h3 class=\"wp-block-post-title\">Osiedle budynk\u00f3w mieszkalnych jednorodzinnych, gmina Galewice<\/h3>\n\n<div class=\"wp-block-post-excerpt\"><p class=\"wp-block-post-excerpt__excerpt\">PROJEKT BUDOWLANY, WIZUALIZACJE REKLAMOWE Przedstawiamy projekt osiedla pi\u0119ciu wolnostoj\u0105cych dom\u00f3w jednorodzinnych, kt\u00f3re \u0142\u0105cz\u0105 funkcjonalno\u015b\u0107 z ekonomicznymi rozwi\u0105zaniami. Ka\u017cdy z budynk\u00f3w charakteryzuje si\u0119 prost\u0105 bry\u0142\u0105 zaprojektowan\u0105 na planie prostok\u0105ta o powierzchni zabudowy 105m2 i u\u017cytkowej 82m2. Subtelny uskok w bryle akcentuje stref\u0119 wej\u015bciow\u0105, nadaj\u0105c ca\u0142o\u015bci nowoczesny wygl\u0105d. Rozplanowanie uk\u0142adu wn\u0119trz zosta\u0142o starannie przemy\u015blane, aby zapewni\u0107 wygod\u0119&hellip;<\/p><p class=\"wp-block-post-excerpt__more-text\"><a class=\"wp-block-post-excerpt__more-link\" href=\"https:\/\/projektyarchidea.pl\/index.php\/2024\/11\/20\/osiedle-budynkow-mieszkalnych-jednorodzinnych-gmina-galewice\/\">Czytaj dalej..<\/a><\/p><\/div><\/div>\n<\/div>\n\n<\/li><li class=\"wp-block-post post-310 post type-post status-publish format-standard has-post-thumbnail hentry category-realizacje\">\n\n<div class=\"wp-block-group has-global-padding is-content-justification-left is-layout-constrained wp-container-core-group-is-layout-8 wp-block-group-is-layout-constrained\">\n<div class=\"wp-block-group is-vertical is-layout-flex wp-container-core-group-is-layout-7 wp-block-group-is-layout-flex\" style=\"padding-bottom:var(--wp--preset--spacing--80)\"><figure class=\"wp-block-post-featured-image\"><a href=\"https:\/\/projektyarchidea.pl\/index.php\/2024\/11\/20\/wizualizacje-budynkow-gmina-sieradz\/\" target=\"_self\"  ><img loading=\"lazy\" decoding=\"async\" width=\"1920\" height=\"1247\" src=\"https:\/\/projektyarchidea.pl\/wp-content\/uploads\/2024\/11\/01b_mieszkalny.jpg\" class=\"attachment-post-thumbnail size-post-thumbnail wp-post-image\" alt=\"Wizualizacje nowoczesnej rezydencji, gmina Sieradz\" style=\"object-fit:cover;\" srcset=\"https:\/\/projektyarchidea.pl\/wp-content\/uploads\/2024\/11\/01b_mieszkalny.jpg 1920w, https:\/\/projektyarchidea.pl\/wp-content\/uploads\/2024\/11\/01b_mieszkalny-300x195.jpg 300w, https:\/\/projektyarchidea.pl\/wp-content\/uploads\/2024\/11\/01b_mieszkalny-1024x665.jpg 1024w, https:\/\/projektyarchidea.pl\/wp-content\/uploads\/2024\/11\/01b_mieszkalny-768x499.jpg 768w, https:\/\/projektyarchidea.pl\/wp-content\/uploads\/2024\/11\/01b_mieszkalny-1536x998.jpg 1536w\" sizes=\"(max-width: 1920px) 100vw, 1920px\" \/><\/a><\/figure>\n\n<h3 class=\"wp-block-post-title\">Wizualizacje nowoczesnej rezydencji, gmina Sieradz<\/h3>\n\n<div class=\"wp-block-post-excerpt\"><p class=\"wp-block-post-excerpt__excerpt\">WIZUALIZACJE DLA BIURA PROJEKTOWEGO Nasza pracownia projektowa mia\u0142a przyjemno\u015b\u0107 wykona\u0107 profesjonalne wizualizacje elewacji dla biura projektowego AK VISUAL z Sieradza. Celem naszej pracy by\u0142o przedstawienie koncepcji elewacji w spos\u00f3b realistyczny i atrakcyjny, podkre\u015blaj\u0105c wizj\u0119 projektantek oraz wybrane materia\u0142y budowlane i o\u015bwietlenie zewn\u0119trzne. Projekt obejmowa\u0142 budynek mieszkalny, budynek rekreacyjny i budynek gara\u017cowy. Bazuj\u0105c na dostarczonym projekcie&hellip;<\/p><p class=\"wp-block-post-excerpt__more-text\"><a class=\"wp-block-post-excerpt__more-link\" href=\"https:\/\/projektyarchidea.pl\/index.php\/2024\/11\/20\/wizualizacje-budynkow-gmina-sieradz\/\">Czytaj dalej..<\/a><\/p><\/div><\/div>\n<\/div>\n\n<\/li><li class=\"wp-block-post post-266 post type-post status-publish format-standard has-post-thumbnail hentry category-realizacje tag-architekt tag-architekt-kepno tag-architekt-wielun tag-architekt-wieruszow tag-architektura tag-dach-wielospadowy tag-dom-z-dachem-wielospadowym tag-dom-z-garazem-dwustanowiskowym tag-dom-z-garazem-jednostanowiskowym tag-dom-z-ogrodem tag-dom-z-tarasem tag-domy-z-garazem tag-nowoczesna-elewacja tag-nowoczesny-budynek tag-osiedle-budynkow-jednorodzinnych tag-projekt-budowlany tag-projekt-budynku tag-projekt-dla-dewelopera tag-projekt-domow-powtarzalnych tag-projekt-elewacji tag-projekt-osiedla tag-projekt-osiedla-domkow tag-taras-zadaszony tag-wizualizacje tag-wizualizacje-dla-deweloperow tag-wizualizacje-domu tag-wizualizacje-osiedla tag-wizualizacje-z-lotu-ptaka tag-wizualizacje-zewnetrzne\">\n\n<div class=\"wp-block-group has-global-padding is-content-justification-left is-layout-constrained wp-container-core-group-is-layout-10 wp-block-group-is-layout-constrained\">\n<div class=\"wp-block-group is-vertical is-layout-flex wp-container-core-group-is-layout-9 wp-block-group-is-layout-flex\" style=\"padding-bottom:var(--wp--preset--spacing--80)\"><figure class=\"wp-block-post-featured-image\"><a href=\"https:\/\/projektyarchidea.pl\/index.php\/2024\/11\/15\/testowa-realizacja-2\/\" target=\"_self\"  ><img loading=\"lazy\" decoding=\"async\" width=\"1920\" height=\"1247\" src=\"https:\/\/projektyarchidea.pl\/wp-content\/uploads\/2024\/11\/07.jpg\" class=\"attachment-post-thumbnail size-post-thumbnail wp-post-image\" alt=\"Osiedle budynk\u00f3w mieszkalnych jednorodzinnych, gmina Wierusz\u00f3w\" style=\"object-fit:cover;\" srcset=\"https:\/\/projektyarchidea.pl\/wp-content\/uploads\/2024\/11\/07.jpg 1920w, https:\/\/projektyarchidea.pl\/wp-content\/uploads\/2024\/11\/07-300x195.jpg 300w, https:\/\/projektyarchidea.pl\/wp-content\/uploads\/2024\/11\/07-1024x665.jpg 1024w, https:\/\/projektyarchidea.pl\/wp-content\/uploads\/2024\/11\/07-768x499.jpg 768w, https:\/\/projektyarchidea.pl\/wp-content\/uploads\/2024\/11\/07-1536x998.jpg 1536w\" sizes=\"(max-width: 1920px) 100vw, 1920px\" \/><\/a><\/figure>\n\n<h3 class=\"wp-block-post-title\">Osiedle budynk\u00f3w mieszkalnych jednorodzinnych, gmina Wierusz\u00f3w<\/h3>\n\n<div class=\"wp-block-post-excerpt\"><p class=\"wp-block-post-excerpt__excerpt\">PROJEKT BUDOWLANY, WIZUALIZACJE REKLAMOWE Zaprojektowali\u015bmy osiedle nowoczesnych dom\u00f3w jednorodzinnych, kt\u00f3re s\u0105 po\u0142\u0105czeniem estetyki i funkcjonalno\u015bci. W ramach projektu powsta\u0142y dwa typy budynk\u00f3w: Obie opcje to parterowe budynki z przestronnymi pomieszczeniami, zaprojektowanymi z my\u015bl\u0105 o wygodzie i komforcie przysz\u0142ych mieszka\u0144c\u00f3w. Konstrukcja dach\u00f3w wielospadowych zosta\u0142a zaprojektowana na drewnianych wi\u0105zarach kratowych, co zapewnia ekonomiczno\u015b\u0107 i szybszy czas realizacji&hellip;<\/p><p class=\"wp-block-post-excerpt__more-text\"><a class=\"wp-block-post-excerpt__more-link\" href=\"https:\/\/projektyarchidea.pl\/index.php\/2024\/11\/15\/testowa-realizacja-2\/\">Czytaj dalej..<\/a><\/p><\/div><\/div>\n<\/div>\n\n<\/li><li class=\"wp-block-post post-254 post type-post status-publish format-standard has-post-thumbnail hentry category-realizacje tag-architekt tag-architekt-kepno tag-architekt-wielun tag-architekt-wieruszow tag-biala-elewacja tag-biale-okna tag-budynek-mieszkalny-jednorodzinny tag-dach-wielospadowy tag-dom tag-dom-klasyczny tag-dom-marzen tag-dom-z-dachem-wielospadowym tag-dom-z-garazem tag-dom-ze-sztukateria tag-garaz-dwustanowiskowy tag-nowoczesna-sztukateria tag-okna-ze-szprosami tag-projekt-budynku tag-projekt-budynku-mieszkalnego-jednorodzinnego tag-projekt-domu tag-projekt-elewacji tag-projekt-indywidualny tag-projekt-koncepcyjny tag-sztukateria-elewacyjna tag-wizualizacje tag-wizualizacje-domu\">\n\n<div class=\"wp-block-group has-global-padding is-content-justification-left is-layout-constrained wp-container-core-group-is-layout-12 wp-block-group-is-layout-constrained\">\n<div class=\"wp-block-group is-vertical is-layout-flex wp-container-core-group-is-layout-11 wp-block-group-is-layout-flex\" style=\"padding-bottom:var(--wp--preset--spacing--80)\"><figure class=\"wp-block-post-featured-image\"><a href=\"https:\/\/projektyarchidea.pl\/index.php\/2024\/11\/14\/testowa-realizacja\/\" target=\"_self\"  ><img loading=\"lazy\" decoding=\"async\" width=\"1920\" height=\"1251\" src=\"https:\/\/projektyarchidea.pl\/wp-content\/uploads\/2024\/10\/05.jpg\" class=\"attachment-post-thumbnail size-post-thumbnail wp-post-image\" alt=\"Budynek mieszkalny jednorodzinny, gmina Baran\u00f3w\" style=\"object-fit:cover;\" srcset=\"https:\/\/projektyarchidea.pl\/wp-content\/uploads\/2024\/10\/05.jpg 1920w, https:\/\/projektyarchidea.pl\/wp-content\/uploads\/2024\/10\/05-300x195.jpg 300w, https:\/\/projektyarchidea.pl\/wp-content\/uploads\/2024\/10\/05-1024x667.jpg 1024w, https:\/\/projektyarchidea.pl\/wp-content\/uploads\/2024\/10\/05-768x500.jpg 768w, https:\/\/projektyarchidea.pl\/wp-content\/uploads\/2024\/10\/05-1536x1001.jpg 1536w\" sizes=\"(max-width: 1920px) 100vw, 1920px\" \/><\/a><\/figure>\n\n<h3 class=\"wp-block-post-title\">Budynek mieszkalny jednorodzinny, gmina Baran\u00f3w<\/h3>\n\n<div class=\"wp-block-post-excerpt\"><p class=\"wp-block-post-excerpt__excerpt\">PROJEKT KONCEPCYJNY, PROJEKT ELEWACJI, WIZUALIZACJE W ramach tego projektu opracowali\u015bmy kompleksow\u0105 koncepcj\u0119 architektoniczn\u0105 domu jednorodzinnego, obejmuj\u0105c\u0105 bry\u0142\u0119 budynku, rzuty, elewacje, przekroje i wizualizacje. Nasze rozwi\u0105zania zosta\u0142y dostosowane do wymaga\u0144 przepis\u00f3w budowlanych, zapis\u00f3w Miejscowego Planu Zagospodarowania Przestrzennego oraz indywidualnych oczekiwa\u0144 Inwestora. Uwzgl\u0119dnili\u015bmy tak\u017ce lokalizacj\u0119 budynku na dzia\u0142ce, jego po\u0142o\u017cenie wzgl\u0119dem stron \u015bwiata, aby maksymalnie wykorzysta\u0107 potencja\u0142&hellip;<\/p><p class=\"wp-block-post-excerpt__more-text\"><a class=\"wp-block-post-excerpt__more-link\" href=\"https:\/\/projektyarchidea.pl\/index.php\/2024\/11\/14\/testowa-realizacja\/\">Czytaj dalej..<\/a><\/p><\/div><\/div>\n<\/div>\n\n<\/li><\/ul>\n\n<\/div>\n<\/div>\n","protected":false},"excerpt":{"rendered":"","protected":false},"author":1,"featured_media":0,"parent":0,"menu_order":4,"comment_status":"closed","ping_status":"closed","template":"","meta":{"footnotes":""},"class_list":["post-45","page","type-page","status-publish","hentry"],"yoast_head":"<!-- This site is optimized with the Yoast SEO plugin v23.9 - https:\/\/yoast.com\/wordpress\/plugins\/seo\/ -->\n<title>Realizacje Projekt\u00f3w Dom\u00f3w, Zrealizowane Projekty Architektoniczne i Wn\u0119trz \u2013 Archidea Pracownia Projektowa<\/title>\n<meta name=\"description\" content=\"Zobacz zrealizowane projekty dom\u00f3w i wn\u0119trz od Archidea. Inspiruj\u0105ce rozwi\u0105zania architektoniczne stworzone z pasj\u0105 i dba\u0142o\u015bci\u0105 o szczeg\u00f3\u0142y. Poznaj nasze realizacje!\" \/>\n<meta name=\"robots\" content=\"index, follow, max-snippet:-1, max-image-preview:large, max-video-preview:-1\" \/>\n<link rel=\"canonical\" href=\"https:\/\/projektyarchidea.pl\/index.php\/realizacje\/\" \/>\n<meta property=\"og:locale\" content=\"pl_PL\" \/>\n<meta property=\"og:type\" content=\"article\" \/>\n<meta property=\"og:title\" content=\"Realizacje Projekt\u00f3w Dom\u00f3w, Zrealizowane Projekty Architektoniczne i Wn\u0119trz \u2013 Archidea Pracownia Projektowa\" \/>\n<meta property=\"og:description\" content=\"Zobacz zrealizowane projekty dom\u00f3w i wn\u0119trz od Archidea. Inspiruj\u0105ce rozwi\u0105zania architektoniczne stworzone z pasj\u0105 i dba\u0142o\u015bci\u0105 o szczeg\u00f3\u0142y. Poznaj nasze realizacje!\" \/>\n<meta property=\"og:url\" content=\"https:\/\/projektyarchidea.pl\/index.php\/realizacje\/\" \/>\n<meta property=\"og:site_name\" content=\"projektyarchidea.pl\" \/>\n<meta property=\"article:modified_time\" content=\"2024-11-25T10:32:39+00:00\" \/>\n<meta name=\"twitter:card\" content=\"summary_large_image\" \/>\n<script type=\"application\/ld+json\" class=\"yoast-schema-graph\">{\"@context\":\"https:\/\/schema.org\",\"@graph\":[{\"@type\":\"WebPage\",\"@id\":\"https:\/\/projektyarchidea.pl\/index.php\/realizacje\/\",\"url\":\"https:\/\/projektyarchidea.pl\/index.php\/realizacje\/\",\"name\":\"Realizacje Projekt\u00f3w Dom\u00f3w, Zrealizowane Projekty Architektoniczne i Wn\u0119trz \u2013 Archidea Pracownia Projektowa\",\"isPartOf\":{\"@id\":\"https:\/\/projektyarchidea.pl\/#website\"},\"datePublished\":\"2024-10-25T08:52:41+00:00\",\"dateModified\":\"2024-11-25T10:32:39+00:00\",\"description\":\"Zobacz zrealizowane projekty dom\u00f3w i wn\u0119trz od Archidea. Inspiruj\u0105ce rozwi\u0105zania architektoniczne stworzone z pasj\u0105 i dba\u0142o\u015bci\u0105 o szczeg\u00f3\u0142y. Poznaj nasze realizacje!\",\"breadcrumb\":{\"@id\":\"https:\/\/projektyarchidea.pl\/index.php\/realizacje\/#breadcrumb\"},\"inLanguage\":\"pl-PL\",\"potentialAction\":[{\"@type\":\"ReadAction\",\"target\":[\"https:\/\/projektyarchidea.pl\/index.php\/realizacje\/\"]}]},{\"@type\":\"BreadcrumbList\",\"@id\":\"https:\/\/projektyarchidea.pl\/index.php\/realizacje\/#breadcrumb\",\"itemListElement\":[{\"@type\":\"ListItem\",\"position\":1,\"name\":\"Strona g\u0142\u00f3wna\",\"item\":\"https:\/\/projektyarchidea.pl\/\"},{\"@type\":\"ListItem\",\"position\":2,\"name\":\"Realizacje\"}]},{\"@type\":\"WebSite\",\"@id\":\"https:\/\/projektyarchidea.pl\/#website\",\"url\":\"https:\/\/projektyarchidea.pl\/\",\"name\":\"projektyarchidea.pl\",\"description\":\"\",\"publisher\":{\"@id\":\"https:\/\/projektyarchidea.pl\/#organization\"},\"potentialAction\":[{\"@type\":\"SearchAction\",\"target\":{\"@type\":\"EntryPoint\",\"urlTemplate\":\"https:\/\/projektyarchidea.pl\/?s={search_term_string}\"},\"query-input\":{\"@type\":\"PropertyValueSpecification\",\"valueRequired\":true,\"valueName\":\"search_term_string\"}}],\"inLanguage\":\"pl-PL\"},{\"@type\":\"Organization\",\"@id\":\"https:\/\/projektyarchidea.pl\/#organization\",\"name\":\"projektyarchidea.pl\",\"url\":\"https:\/\/projektyarchidea.pl\/\",\"logo\":{\"@type\":\"ImageObject\",\"inLanguage\":\"pl-PL\",\"@id\":\"https:\/\/projektyarchidea.pl\/#\/schema\/logo\/image\/\",\"url\":\"https:\/\/projektyarchidea.pl\/wp-content\/uploads\/2024\/10\/LOGO-BEZ-TLA.png\",\"contentUrl\":\"https:\/\/projektyarchidea.pl\/wp-content\/uploads\/2024\/10\/LOGO-BEZ-TLA.png\",\"width\":557,\"height\":537,\"caption\":\"projektyarchidea.pl\"},\"image\":{\"@id\":\"https:\/\/projektyarchidea.pl\/#\/schema\/logo\/image\/\"}}]}<\/script>\n<!-- \/ Yoast SEO plugin. -->","yoast_head_json":{"title":"Realizacje Projekt\u00f3w Dom\u00f3w, Zrealizowane Projekty Architektoniczne i Wn\u0119trz \u2013 Archidea Pracownia Projektowa","description":"Zobacz zrealizowane projekty dom\u00f3w i wn\u0119trz od Archidea. Inspiruj\u0105ce rozwi\u0105zania architektoniczne stworzone z pasj\u0105 i dba\u0142o\u015bci\u0105 o szczeg\u00f3\u0142y. Poznaj nasze realizacje!","robots":{"index":"index","follow":"follow","max-snippet":"max-snippet:-1","max-image-preview":"max-image-preview:large","max-video-preview":"max-video-preview:-1"},"canonical":"https:\/\/projektyarchidea.pl\/index.php\/realizacje\/","og_locale":"pl_PL","og_type":"article","og_title":"Realizacje Projekt\u00f3w Dom\u00f3w, Zrealizowane Projekty Architektoniczne i Wn\u0119trz \u2013 Archidea Pracownia Projektowa","og_description":"Zobacz zrealizowane projekty dom\u00f3w i wn\u0119trz od Archidea. Inspiruj\u0105ce rozwi\u0105zania architektoniczne stworzone z pasj\u0105 i dba\u0142o\u015bci\u0105 o szczeg\u00f3\u0142y. Poznaj nasze realizacje!","og_url":"https:\/\/projektyarchidea.pl\/index.php\/realizacje\/","og_site_name":"projektyarchidea.pl","article_modified_time":"2024-11-25T10:32:39+00:00","twitter_card":"summary_large_image","schema":{"@context":"https:\/\/schema.org","@graph":[{"@type":"WebPage","@id":"https:\/\/projektyarchidea.pl\/index.php\/realizacje\/","url":"https:\/\/projektyarchidea.pl\/index.php\/realizacje\/","name":"Realizacje Projekt\u00f3w Dom\u00f3w, Zrealizowane Projekty Architektoniczne i Wn\u0119trz \u2013 Archidea Pracownia Projektowa","isPartOf":{"@id":"https:\/\/projektyarchidea.pl\/#website"},"datePublished":"2024-10-25T08:52:41+00:00","dateModified":"2024-11-25T10:32:39+00:00","description":"Zobacz zrealizowane projekty dom\u00f3w i wn\u0119trz od Archidea. Inspiruj\u0105ce rozwi\u0105zania architektoniczne stworzone z pasj\u0105 i dba\u0142o\u015bci\u0105 o szczeg\u00f3\u0142y. Poznaj nasze realizacje!","breadcrumb":{"@id":"https:\/\/projektyarchidea.pl\/index.php\/realizacje\/#breadcrumb"},"inLanguage":"pl-PL","potentialAction":[{"@type":"ReadAction","target":["https:\/\/projektyarchidea.pl\/index.php\/realizacje\/"]}]},{"@type":"BreadcrumbList","@id":"https:\/\/projektyarchidea.pl\/index.php\/realizacje\/#breadcrumb","itemListElement":[{"@type":"ListItem","position":1,"name":"Strona g\u0142\u00f3wna","item":"https:\/\/projektyarchidea.pl\/"},{"@type":"ListItem","position":2,"name":"Realizacje"}]},{"@type":"WebSite","@id":"https:\/\/projektyarchidea.pl\/#website","url":"https:\/\/projektyarchidea.pl\/","name":"projektyarchidea.pl","description":"","publisher":{"@id":"https:\/\/projektyarchidea.pl\/#organization"},"potentialAction":[{"@type":"SearchAction","target":{"@type":"EntryPoint","urlTemplate":"https:\/\/projektyarchidea.pl\/?s={search_term_string}"},"query-input":{"@type":"PropertyValueSpecification","valueRequired":true,"valueName":"search_term_string"}}],"inLanguage":"pl-PL"},{"@type":"Organization","@id":"https:\/\/projektyarchidea.pl\/#organization","name":"projektyarchidea.pl","url":"https:\/\/projektyarchidea.pl\/","logo":{"@type":"ImageObject","inLanguage":"pl-PL","@id":"https:\/\/projektyarchidea.pl\/#\/schema\/logo\/image\/","url":"https:\/\/projektyarchidea.pl\/wp-content\/uploads\/2024\/10\/LOGO-BEZ-TLA.png","contentUrl":"https:\/\/projektyarchidea.pl\/wp-content\/uploads\/2024\/10\/LOGO-BEZ-TLA.png","width":557,"height":537,"caption":"projektyarchidea.pl"},"image":{"@id":"https:\/\/projektyarchidea.pl\/#\/schema\/logo\/image\/"}}]}},"_links":{"self":[{"href":"https:\/\/projektyarchidea.pl\/index.php\/wp-json\/wp\/v2\/pages\/45"}],"collection":[{"href":"https:\/\/projektyarchidea.pl\/index.php\/wp-json\/wp\/v2\/pages"}],"about":[{"href":"https:\/\/projektyarchidea.pl\/index.php\/wp-json\/wp\/v2\/types\/page"}],"author":[{"embeddable":true,"href":"https:\/\/projektyarchidea.pl\/index.php\/wp-json\/wp\/v2\/users\/1"}],"replies":[{"embeddable":true,"href":"https:\/\/projektyarchidea.pl\/index.php\/wp-json\/wp\/v2\/comments?post=45"}],"version-history":[{"count":9,"href":"https:\/\/projektyarchidea.pl\/index.php\/wp-json\/wp\/v2\/pages\/45\/revisions"}],"predecessor-version":[{"id":323,"href":"https:\/\/projektyarchidea.pl\/index.php\/wp-json\/wp\/v2\/pages\/45\/revisions\/323"}],"wp:attachment":[{"href":"https:\/\/projektyarchidea.pl\/index.php\/wp-json\/wp\/v2\/media?parent=45"}],"curies":[{"name":"wp","href":"https:\/\/api.w.org\/{rel}","templated":true}]}}