{"id":27,"date":"2024-10-25T10:49:12","date_gmt":"2024-10-25T08:49:12","guid":{"rendered":"https:\/\/projektyarchidea.pl\/?page_id=27"},"modified":"2024-11-27T12:25:57","modified_gmt":"2024-11-27T11:25:57","slug":"projekty","status":"publish","type":"page","link":"https:\/\/projektyarchidea.pl\/index.php\/projekty\/","title":{"rendered":"Projekty"},"content":{"rendered":"\n<div class=\"wp-block-group alignfull has-background has-global-padding is-layout-constrained wp-container-core-group-is-layout-1 wp-block-group-is-layout-constrained\" id=\"projekty-indywidualne\" style=\"background-color:#ececec;margin-top:0;margin-bottom:0;padding-top:var(--wp--preset--spacing--50);padding-right:var(--wp--preset--spacing--50);padding-bottom:var(--wp--preset--spacing--50);padding-left:var(--wp--preset--spacing--50)\">\n<div class=\"wp-block-columns alignwide is-layout-flex wp-container-core-columns-is-layout-1 wp-block-columns-is-layout-flex\" id=\"projekty-indywidualne\">\n<div class=\"wp-block-column is-vertically-aligned-center is-layout-flow wp-block-column-is-layout-flow\" style=\"flex-basis:60%\">\n<figure class=\"wp-block-image size-full is-style-rounded wp-duotone-unset-1 is-style-rounded--ad13ad3bc1a79302f72f3a043d85ab2a\"><img loading=\"lazy\" decoding=\"async\" width=\"1920\" height=\"1251\" src=\"https:\/\/projektyarchidea.pl\/wp-content\/uploads\/2024\/11\/05.jpg\" alt=\"\" class=\"wp-image-169\" style=\"aspect-ratio:4\/3;object-fit:cover\" srcset=\"https:\/\/projektyarchidea.pl\/wp-content\/uploads\/2024\/11\/05.jpg 1920w, https:\/\/projektyarchidea.pl\/wp-content\/uploads\/2024\/11\/05-300x195.jpg 300w, https:\/\/projektyarchidea.pl\/wp-content\/uploads\/2024\/11\/05-1024x667.jpg 1024w, https:\/\/projektyarchidea.pl\/wp-content\/uploads\/2024\/11\/05-768x500.jpg 768w, https:\/\/projektyarchidea.pl\/wp-content\/uploads\/2024\/11\/05-1536x1001.jpg 1536w\" sizes=\"(max-width: 1920px) 100vw, 1920px\" \/><\/figure>\n<\/div>\n\n\n\n<div class=\"wp-block-column is-layout-flow wp-block-column-is-layout-flow\" style=\"flex-basis:40%\">\n<h2 class=\"wp-block-heading\"><strong>PROJEKTY INDYWIDUALNE<\/strong><\/h2>\n\n\n\n<p>Nasz biuro projektowe oferuje <strong>wyj\u0105tkowe, indywidualne projekty budynk\u00f3w mieszkalnych<\/strong>, idealnie dopasowane do potrzeb i oczekiwa\u0144 ka\u017cdego klienta. Wierzymy, \u017ce Tw\u00f3j dom powinien by\u0107 nie tylko funkcjonalny, ale tak\u017ce estetyczny i odzwierciedla\u0107 Tw\u00f3j styl \u017cycia. Dlatego <strong>tworzymy projekty, kt\u00f3re \u0142\u0105cz\u0105 unikalny design, komfort u\u017cytkowania i przemy\u015blane rozwi\u0105zania architektoniczne. <\/strong><\/p>\n\n\n\n<p><strong>Dlaczego warto wybra\u0107 nasz\u0105 pracowni\u0119? <\/strong><\/p>\n\n\n\n<ul class=\"wp-block-list\">\n<li><strong>Kompleksowe wsparcie<\/strong><br>Prowadzimy Ci\u0119 przez ca\u0142y proces projektowy &#8211; od analizy dzia\u0142ki i zapis\u00f3w planu miejscowego lub przygotowania warunk\u00f3w zabudowy, a\u017c po realizacj\u0119 inwestycji. Ograniczamy do minimum za\u0142atwianie przez Pa\u0144stwa formalno\u015bci. <\/li>\n\n\n\n<li><strong>Koordynacja mi\u0119dzybran\u017cowa<\/strong><br>Wsp\u00f3\u0142pracujemy ze specjalistami z bran\u017cy konstrukcyjnej, sanitarnej i elektrycznej, a tak\u017ce korzystamy z us\u0142ug sprawdzonych geodet\u00f3w, dzi\u0119ki czemu tworzymy kompleksowe opracowania.<\/li>\n\n\n\n<li><strong>Indywidualne podej\u015bcie<\/strong><br>Ju\u017c od pierwszego spotkania skupiamy si\u0119 na Twoich potrzebach i preferencjach, tworz\u0105c projekt, kt\u00f3ry odpowiada Twoim oczekiwaniom. <\/li>\n<\/ul>\n\n\n\n<p>Podczas projektowania uwzgl\u0119dniamy<\/p>\n\n\n\n<ul class=\"wp-block-list\">\n<li>Analiz\u0119 dzia\u0142ki, jej otoczenia i po\u0142o\u017cenia wzgl\u0119dem stron \u015bwiata, aby maksymalnie wykorzysta\u0107 jej potencja\u0142. <\/li>\n\n\n\n<li>Funkcjonalno\u015b\u0107 przestrzeni, aby zapewni\u0107 wygod\u0119 i komfort codziennego u\u017cytkowania <\/li>\n\n\n\n<li>Tworzenie harmonijnej, estetycznej koncepcji, kt\u00f3ra b\u0119dzie odpowiada\u0107 Twojemu stylowi \u017cycia.<\/li>\n<\/ul>\n\n\n\n<p><strong>Oferujemy projekty:<\/strong><br>&#8211; dom\u00f3w jednorodzinnych wolnostoj\u0105cych<br>&#8211; dom\u00f3w jednorodzinnych w zabudowie bli\u017aniaczej i wielorodzinnej<br>&#8211; przebudowy, rozbudowy i nadbudowy<\/p>\n\n\n\n<p>Stw\u00f3rz z nami sw\u00f3j wymarzony dom &#8211; przestrze\u0144, w kt\u00f3rej b\u0119dziesz czu\u0107 si\u0119 komfortowo i z rado\u015bci\u0105 sp\u0119dza\u0107 czas. Skontaktuj si\u0119 z nami i rozpocznijmy wsp\u00f3lne projektowanie Twojej wizji! <\/p>\n<\/div>\n<\/div>\n<\/div>\n\n\n\n<div class=\"wp-block-group alignfull has-global-padding is-layout-constrained wp-container-core-group-is-layout-2 wp-block-group-is-layout-constrained\" id=\"projekty-deweloperskie\" style=\"margin-top:0;margin-bottom:0;padding-top:var(--wp--preset--spacing--50);padding-right:var(--wp--preset--spacing--50);padding-bottom:var(--wp--preset--spacing--50);padding-left:var(--wp--preset--spacing--50)\">\n<div class=\"wp-block-columns alignwide are-vertically-aligned-center is-layout-flex wp-container-core-columns-is-layout-2 wp-block-columns-is-layout-flex\">\n<div class=\"wp-block-column is-vertically-aligned-center is-layout-flow wp-block-column-is-layout-flow\" style=\"flex-basis:50%\">\n<h2 class=\"wp-block-heading\"><br><br><strong>PROJEKTY DEWELOPERSKIE<\/strong><\/h2>\n\n\n\n<p>KOMPLEKSOWA OBS\u0141UGA I MAKSYMALIZACJA ZYSK\u00d3W<\/p>\n\n\n\n<p>Nasza pracownia architektoniczna specjalizuje si\u0119 w projektach deweloperskich, kt\u00f3re \u0142\u0105cz\u0105 estetyk\u0119, funkcjonalno\u015b\u0107 i op\u0142acalno\u015b\u0107. Dzi\u0119ki wieloletniemu do\u015bwiadczeniu oraz wsp\u00f3\u0142pracy z bran\u017cystami i rzeczoznawcami, dostarczamy kompleksow\u0105 dokumentacj\u0119, kt\u00f3ra pozwala na efektywne wykorzystanie potencja\u0142u dzia\u0142ki. <\/p>\n\n\n\n<p>Pracuj\u0105c nad projektem, analizy zapisy MPZP lub WZ, po\u0142o\u017cenie wzgl\u0119dem stron \u015bwiata oraz otoczenie inwestycji. Naszym celem jest stworzenie komfortowych przestrzeni, kt\u00f3re szybko zyskaj\u0105 na warto\u015bci i zainteresuj\u0105 nabywc\u00f3w. <\/p>\n\n\n\n<p><strong>Dlaczego wybra\u0107 nasze us\u0142ugi ? <\/strong><\/p>\n\n\n\n<ul class=\"wp-block-list\">\n<li><strong>Maksymalne wykorzystanie dzia\u0142ki <\/strong><br>Tworzymy projekty, kt\u00f3re optymalizuj\u0105 liczb\u0119 jednostek mieszkalnych przy zachowaniu komfortu u\u017cytkowania<br><\/li>\n\n\n\n<li><strong>Ekonomiczne rozwi\u0105zania<\/strong><br>Stawiamy na sprawdzone, efektywne technologicznie i kosztowo rozwi\u0105zania, dopasowane do oczekiwa\u0144 Twoich klient\u00f3w<br><\/li>\n\n\n\n<li><strong>Materia\u0142y wspieraj\u0105ce sprzeda\u017c <\/strong><br>Fotorealistyczne wizualizacje, rzuty 3D, karty lokali, banery reklamowe i animacje &#8211; nasze materia\u0142y pozwalaj\u0105 wyr\u00f3\u017cni\u0107 inwestycj\u0119 i sprzedawa\u0107 mieszkania jeszcze przed rozpocz\u0119ciem budowy. <\/li>\n<\/ul>\n\n\n\n<p>Projektujemy osiedla budynk\u00f3w mieszkalnych w zabudowie wolnostoj\u0105cej, bli\u017aniaczej i szeregowej, a tak\u017ce budynki wielorodzinne. <\/p>\n\n\n\n<p>Wyr\u00f3\u017cnij swoj\u0105 inwestycj\u0119 na tle konkurencji i zapewnij sobie szybki zwrot z inwestycji. Skontaktuj si\u0119 z nami &#8211; razem stworzymy projekt, kt\u00f3ry przyci\u0105gnie klient\u00f3w i przyniesie sukces! <\/p>\n\n\n\n<p><\/p>\n<\/div>\n\n\n\n<div class=\"wp-block-column is-vertically-aligned-center is-layout-flow wp-block-column-is-layout-flow\" style=\"flex-basis:50%\">\n<figure class=\"wp-block-image size-full is-style-rounded is-style-rounded--9ddbb761624fe738ab37af134514ab4f\"><img loading=\"lazy\" decoding=\"async\" width=\"1549\" height=\"2560\" src=\"https:\/\/projektyarchidea.pl\/wp-content\/uploads\/2024\/11\/09-1-scaled.jpg\" alt=\"\" class=\"wp-image-178\" style=\"aspect-ratio:2\/3;object-fit:cover\" srcset=\"https:\/\/projektyarchidea.pl\/wp-content\/uploads\/2024\/11\/09-1-scaled.jpg 1549w, https:\/\/projektyarchidea.pl\/wp-content\/uploads\/2024\/11\/09-1-182x300.jpg 182w, https:\/\/projektyarchidea.pl\/wp-content\/uploads\/2024\/11\/09-1-620x1024.jpg 620w, https:\/\/projektyarchidea.pl\/wp-content\/uploads\/2024\/11\/09-1-768x1269.jpg 768w, https:\/\/projektyarchidea.pl\/wp-content\/uploads\/2024\/11\/09-1-929x1536.jpg 929w, https:\/\/projektyarchidea.pl\/wp-content\/uploads\/2024\/11\/09-1-1239x2048.jpg 1239w\" sizes=\"(max-width: 1549px) 100vw, 1549px\" \/><\/figure>\n<\/div>\n<\/div>\n<\/div>\n\n\n\n<div class=\"wp-block-group alignfull has-background has-global-padding is-layout-constrained wp-container-core-group-is-layout-3 wp-block-group-is-layout-constrained\" id=\"projekty-elewacji\" style=\"background-color:#ececec;margin-top:0;margin-bottom:0;padding-top:var(--wp--preset--spacing--50);padding-right:var(--wp--preset--spacing--50);padding-bottom:var(--wp--preset--spacing--50);padding-left:var(--wp--preset--spacing--50)\">\n<div class=\"wp-block-columns alignwide is-layout-flex wp-container-core-columns-is-layout-3 wp-block-columns-is-layout-flex\" id=\"projekty-indywidualne\">\n<div class=\"wp-block-column is-vertically-aligned-center is-layout-flow wp-block-column-is-layout-flow\" style=\"flex-basis:60%\">\n<figure class=\"wp-block-image size-large\"><img loading=\"lazy\" decoding=\"async\" width=\"1024\" height=\"601\" src=\"https:\/\/projektyarchidea.pl\/wp-content\/uploads\/2024\/11\/Zrzut-ekranu-2024-11-12-094149-1024x601.jpg\" alt=\"\" class=\"wp-image-181\" srcset=\"https:\/\/projektyarchidea.pl\/wp-content\/uploads\/2024\/11\/Zrzut-ekranu-2024-11-12-094149-1024x601.jpg 1024w, https:\/\/projektyarchidea.pl\/wp-content\/uploads\/2024\/11\/Zrzut-ekranu-2024-11-12-094149-300x176.jpg 300w, https:\/\/projektyarchidea.pl\/wp-content\/uploads\/2024\/11\/Zrzut-ekranu-2024-11-12-094149-768x450.jpg 768w, https:\/\/projektyarchidea.pl\/wp-content\/uploads\/2024\/11\/Zrzut-ekranu-2024-11-12-094149-1536x901.jpg 1536w, https:\/\/projektyarchidea.pl\/wp-content\/uploads\/2024\/11\/Zrzut-ekranu-2024-11-12-094149.jpg 1920w\" sizes=\"(max-width: 1024px) 100vw, 1024px\" \/><\/figure>\n\n\n\n<figure class=\"wp-block-image size-large\"><img loading=\"lazy\" decoding=\"async\" width=\"1024\" height=\"576\" src=\"https:\/\/projektyarchidea.pl\/wp-content\/uploads\/2024\/11\/wiz02-1024x576.jpg\" alt=\"\" class=\"wp-image-182\" srcset=\"https:\/\/projektyarchidea.pl\/wp-content\/uploads\/2024\/11\/wiz02-1024x576.jpg 1024w, https:\/\/projektyarchidea.pl\/wp-content\/uploads\/2024\/11\/wiz02-300x169.jpg 300w, https:\/\/projektyarchidea.pl\/wp-content\/uploads\/2024\/11\/wiz02-768x432.jpg 768w, https:\/\/projektyarchidea.pl\/wp-content\/uploads\/2024\/11\/wiz02-1536x864.jpg 1536w, https:\/\/projektyarchidea.pl\/wp-content\/uploads\/2024\/11\/wiz02.jpg 1920w\" sizes=\"(max-width: 1024px) 100vw, 1024px\" \/><\/figure>\n<\/div>\n\n\n\n<div class=\"wp-block-column is-layout-flow wp-block-column-is-layout-flow\" style=\"flex-basis:40%\">\n<h2 class=\"wp-block-heading\"><br><strong>PROJEKTY <br>ELEWACJI<\/strong><\/h2>\n\n\n\n<p>STYL I FUNKCJONALNO\u015a\u0106 TWOJEGO BUDYNKU<\/p>\n\n\n\n<p>Elewacja to wizyt\u00f3wka ka\u017cdego budynku, kt\u00f3ra znacz\u0105co wp\u0142ywa na jego ostateczny wygl\u0105d i odbi\u00f3r. Nasza pracownia projektowa oferuje profesjonalne projekty elewacji, kt\u00f3re pomog\u0105 Ci w podj\u0119ciu decyzji dotycz\u0105cych kolorystyki, stylu oraz materia\u0142\u00f3w wyko\u0144czeniowych. Dzi\u0119ki naszym us\u0142ugom zaoszcz\u0119dzisz czas i pieni\u0105dze, unikaj\u0105c nietrafionych wybor\u00f3w, a jednocze\u015bnie zobaczysz jak b\u0119dzie wygl\u0105da\u0107 Twoja inwestycja jeszcze przed rozpocz\u0119ciem realizacji. <\/p>\n\n\n\n<p><strong>Co wyr\u00f3\u017cnia nasze projekty elewacji?<\/strong> <\/p>\n\n\n\n<ul class=\"wp-block-list\">\n<li><strong>Realistyczne wizualizacje 3D<\/strong><br>Pracujemy na modelach tr\u00f3jwymiarowych, co pozwala szczeg\u00f3\u0142owo zaprezentowa\u0107 ka\u017cd\u0105 stron\u0119 obiektu i dopracowa\u0107 nawet najmniejsze detale.<\/li>\n\n\n\n<li><strong>Wszechstronno\u015b\u0107<\/strong><br>Projektujemy elewacje zar\u00f3wno dla klient\u00f3w indywidualnych, zewn\u0119trznych biur projektowych, deweloper\u00f3w, a tak\u017ce firm budowlanych.<\/li>\n\n\n\n<li><strong>Indywidualne podej\u015bcie <\/strong><br>Ka\u017cdy projekt dostosowujemy do Twoich potrzeb i oczekiwa\u0144, tworz\u0105c elewacj\u0119, kt\u00f3ra podkre\u015bla charakter inwestycji. <\/li>\n<\/ul>\n\n\n\n<p>Dzi\u0119ki naszym projektom elewacji zyskujesz:<\/p>\n\n\n\n<ul class=\"wp-block-list\">\n<li><strong>Wizualizacje efektu ko\u0144cowego<\/strong> &#8211; zobacz, jak b\u0119dzie wygl\u0105da\u0142 budynek, zanim rozpoczn\u0105 si\u0119 prace.<\/li>\n\n\n\n<li><strong>Efektywne planowanie <\/strong>&#8211; oszcz\u0119dzasz czas na decyzjach i unikniesz kosztownych poprawek. <\/li>\n\n\n\n<li><strong>Wyj\u0105tkowy design <\/strong>&#8211; elewacje, kt\u00f3re zachwyc\u0105 i wyr\u00f3\u017cni\u0105 Tw\u00f3j budynek. <\/li>\n<\/ul>\n<\/div>\n<\/div>\n<\/div>\n\n\n\n<div class=\"wp-block-group alignfull has-global-padding is-layout-constrained wp-container-core-group-is-layout-4 wp-block-group-is-layout-constrained\" id=\"projekty-uslugowe-produkcyjne\" style=\"margin-top:0;margin-bottom:0;padding-top:var(--wp--preset--spacing--50);padding-right:var(--wp--preset--spacing--50);padding-bottom:var(--wp--preset--spacing--50);padding-left:var(--wp--preset--spacing--50)\">\n<div class=\"wp-block-columns alignwide are-vertically-aligned-center is-layout-flex wp-container-core-columns-is-layout-4 wp-block-columns-is-layout-flex\">\n<div class=\"wp-block-column is-vertically-aligned-center is-layout-flow wp-block-column-is-layout-flow\" style=\"flex-basis:50%\">\n<h2 class=\"wp-block-heading has-text-align-left\"><strong>PROJEKTY<br>US\u0141UGOWE, PRODUKCYJNE<\/strong><\/h2>\n<\/div>\n\n\n\n<div class=\"wp-block-column is-vertically-aligned-center is-layout-flow wp-block-column-is-layout-flow\" style=\"flex-basis:50%\">\n<p><br>Dzi\u0119ki wsp\u00f3\u0142pracy z do\u015bwiadczonym biurem projektowym budownictwa PROTECH, specjalizuj\u0105cym si\u0119 w opracowywaniu konstrukcji obiekt\u00f3w budowlanych tworzymy wysokiej jako\u015bci projekty budynk\u00f3w us\u0142ugowych, hal przemys\u0142owych, obiekt\u00f3w produkcyjnych i wiele innych obiekt\u00f3w dostosowanych do potrzeb Twojej Firmy. Pomagamy przy za\u0142atwieniu wszelkich formalno\u015bci do uzyskania pozwolenia na budow\u0119, a tak\u017ce uczestniczymy w procesie budowy i odbioru obiektu.<\/p>\n<\/div>\n<\/div>\n<\/div>\n\n\n\n<div class=\"wp-block-group alignfull has-background has-global-padding is-layout-constrained wp-container-core-group-is-layout-5 wp-block-group-is-layout-constrained\" id=\"projekty-inne\" style=\"background-color:#ececec;margin-top:0;margin-bottom:0;padding-top:var(--wp--preset--spacing--50);padding-right:var(--wp--preset--spacing--50);padding-bottom:var(--wp--preset--spacing--50);padding-left:var(--wp--preset--spacing--50)\">\n<div class=\"wp-block-columns alignwide is-layout-flex wp-container-core-columns-is-layout-5 wp-block-columns-is-layout-flex\" id=\"projekty-indywidualne\">\n<div class=\"wp-block-column is-vertically-aligned-center is-layout-flow wp-block-column-is-layout-flow\" style=\"flex-basis:60%\">\n<p><br>W naszej ofercie znajd\u0105 Pa\u0144stwo r\u00f3wnie\u017c projekty gara\u017cy, wiat, budynk\u00f3w gospodarczych, budynk\u00f3w letniskowych, budynk\u00f3w na zg\u0142oszenie. Zajmujemy si\u0119 tak\u017ce adaptacjami gotowych projekt\u00f3w budowlanych \u2013 dostosowuj\u0105c do nich projekt zagospodarowania dzia\u0142ki. Posiadamy szeroki zakres us\u0142ug. Zapraszamy do zapoznania si\u0119 z ofert\u0105 i do kontaktu. Ch\u0119tnie odpowiemy na Pa\u0144stwa pytani<\/p>\n<\/div>\n\n\n\n<div class=\"wp-block-column is-vertically-aligned-center is-layout-flow wp-block-column-is-layout-flow\" style=\"flex-basis:40%\">\n<h2 class=\"wp-block-heading\"><strong>INNE<\/strong><\/h2>\n<\/div>\n<\/div>\n<\/div>\n","protected":false},"excerpt":{"rendered":"<p>PROJEKTY INDYWIDUALNE Nasz biuro projektowe oferuje wyj\u0105tkowe, indywidualne projekty budynk\u00f3w mieszkalnych, idealnie dopasowane do potrzeb i oczekiwa\u0144 ka\u017cdego klienta. Wierzymy, \u017ce Tw\u00f3j dom powinien by\u0107 nie tylko funkcjonalny, ale tak\u017ce estetyczny i odzwierciedla\u0107 Tw\u00f3j styl \u017cycia. Dlatego tworzymy projekty, kt\u00f3re \u0142\u0105cz\u0105 unikalny design, komfort u\u017cytkowania i przemy\u015blane rozwi\u0105zania architektoniczne. Dlaczego warto wybra\u0107 nasz\u0105 pracowni\u0119? Podczas [&hellip;]<\/p>\n","protected":false},"author":1,"featured_media":0,"parent":0,"menu_order":2,"comment_status":"closed","ping_status":"closed","template":"","meta":{"footnotes":""},"class_list":["post-27","page","type-page","status-publish","hentry"],"yoast_head":"<!-- This site is optimized with the Yoast SEO plugin v23.9 - https:\/\/yoast.com\/wordpress\/plugins\/seo\/ -->\n<title>Indywidualne Projekty Dom\u00f3w Jednorodzinnych \u2013 Archidea Pracownia Projektowa | Agnieszka Rybia\u0142ek<\/title>\n<meta name=\"description\" content=\"Tworzymy indywidualne projekty dom\u00f3w jednorodzinnych dopasowane do Twoich potrzeb. Zaufaj Archidea \u2013 zaprojektuj wymarzony dom z pracowni\u0105 Agnieszki Rybia\u0142ek.\" \/>\n<meta name=\"robots\" content=\"index, follow, max-snippet:-1, max-image-preview:large, max-video-preview:-1\" \/>\n<link rel=\"canonical\" href=\"https:\/\/projektyarchidea.pl\/index.php\/projekty\/\" \/>\n<meta property=\"og:locale\" content=\"pl_PL\" \/>\n<meta property=\"og:type\" content=\"article\" \/>\n<meta property=\"og:title\" content=\"Indywidualne Projekty Dom\u00f3w Jednorodzinnych \u2013 Archidea Pracownia Projektowa | Agnieszka Rybia\u0142ek\" \/>\n<meta property=\"og:description\" content=\"Tworzymy indywidualne projekty dom\u00f3w jednorodzinnych dopasowane do Twoich potrzeb. Zaufaj Archidea \u2013 zaprojektuj wymarzony dom z pracowni\u0105 Agnieszki Rybia\u0142ek.\" \/>\n<meta property=\"og:url\" content=\"https:\/\/projektyarchidea.pl\/index.php\/projekty\/\" \/>\n<meta property=\"og:site_name\" content=\"projektyarchidea.pl\" \/>\n<meta property=\"article:modified_time\" content=\"2024-11-27T11:25:57+00:00\" \/>\n<meta property=\"og:image\" content=\"https:\/\/projektyarchidea.pl\/wp-content\/uploads\/2024\/11\/05.jpg\" \/>\n\t<meta property=\"og:image:width\" content=\"1920\" \/>\n\t<meta property=\"og:image:height\" content=\"1251\" \/>\n\t<meta property=\"og:image:type\" content=\"image\/jpeg\" \/>\n<meta name=\"twitter:card\" content=\"summary_large_image\" \/>\n<meta name=\"twitter:label1\" content=\"Szacowany czas czytania\" \/>\n\t<meta name=\"twitter:data1\" content=\"5 minut\" \/>\n<script type=\"application\/ld+json\" class=\"yoast-schema-graph\">{\"@context\":\"https:\/\/schema.org\",\"@graph\":[{\"@type\":\"WebPage\",\"@id\":\"https:\/\/projektyarchidea.pl\/index.php\/projekty\/\",\"url\":\"https:\/\/projektyarchidea.pl\/index.php\/projekty\/\",\"name\":\"Indywidualne Projekty Dom\u00f3w Jednorodzinnych \u2013 Archidea Pracownia Projektowa | Agnieszka Rybia\u0142ek\",\"isPartOf\":{\"@id\":\"https:\/\/projektyarchidea.pl\/#website\"},\"primaryImageOfPage\":{\"@id\":\"https:\/\/projektyarchidea.pl\/index.php\/projekty\/#primaryimage\"},\"image\":{\"@id\":\"https:\/\/projektyarchidea.pl\/index.php\/projekty\/#primaryimage\"},\"thumbnailUrl\":\"https:\/\/projektyarchidea.pl\/wp-content\/uploads\/2024\/11\/05.jpg\",\"datePublished\":\"2024-10-25T08:49:12+00:00\",\"dateModified\":\"2024-11-27T11:25:57+00:00\",\"description\":\"Tworzymy indywidualne projekty dom\u00f3w jednorodzinnych dopasowane do Twoich potrzeb. Zaufaj Archidea \u2013 zaprojektuj wymarzony dom z pracowni\u0105 Agnieszki Rybia\u0142ek.\",\"breadcrumb\":{\"@id\":\"https:\/\/projektyarchidea.pl\/index.php\/projekty\/#breadcrumb\"},\"inLanguage\":\"pl-PL\",\"potentialAction\":[{\"@type\":\"ReadAction\",\"target\":[\"https:\/\/projektyarchidea.pl\/index.php\/projekty\/\"]}]},{\"@type\":\"ImageObject\",\"inLanguage\":\"pl-PL\",\"@id\":\"https:\/\/projektyarchidea.pl\/index.php\/projekty\/#primaryimage\",\"url\":\"https:\/\/projektyarchidea.pl\/wp-content\/uploads\/2024\/11\/05.jpg\",\"contentUrl\":\"https:\/\/projektyarchidea.pl\/wp-content\/uploads\/2024\/11\/05.jpg\",\"width\":1920,\"height\":1251},{\"@type\":\"BreadcrumbList\",\"@id\":\"https:\/\/projektyarchidea.pl\/index.php\/projekty\/#breadcrumb\",\"itemListElement\":[{\"@type\":\"ListItem\",\"position\":1,\"name\":\"Strona g\u0142\u00f3wna\",\"item\":\"https:\/\/projektyarchidea.pl\/\"},{\"@type\":\"ListItem\",\"position\":2,\"name\":\"Projekty\"}]},{\"@type\":\"WebSite\",\"@id\":\"https:\/\/projektyarchidea.pl\/#website\",\"url\":\"https:\/\/projektyarchidea.pl\/\",\"name\":\"projektyarchidea.pl\",\"description\":\"\",\"publisher\":{\"@id\":\"https:\/\/projektyarchidea.pl\/#organization\"},\"potentialAction\":[{\"@type\":\"SearchAction\",\"target\":{\"@type\":\"EntryPoint\",\"urlTemplate\":\"https:\/\/projektyarchidea.pl\/?s={search_term_string}\"},\"query-input\":{\"@type\":\"PropertyValueSpecification\",\"valueRequired\":true,\"valueName\":\"search_term_string\"}}],\"inLanguage\":\"pl-PL\"},{\"@type\":\"Organization\",\"@id\":\"https:\/\/projektyarchidea.pl\/#organization\",\"name\":\"projektyarchidea.pl\",\"url\":\"https:\/\/projektyarchidea.pl\/\",\"logo\":{\"@type\":\"ImageObject\",\"inLanguage\":\"pl-PL\",\"@id\":\"https:\/\/projektyarchidea.pl\/#\/schema\/logo\/image\/\",\"url\":\"https:\/\/projektyarchidea.pl\/wp-content\/uploads\/2024\/10\/LOGO-BEZ-TLA.png\",\"contentUrl\":\"https:\/\/projektyarchidea.pl\/wp-content\/uploads\/2024\/10\/LOGO-BEZ-TLA.png\",\"width\":557,\"height\":537,\"caption\":\"projektyarchidea.pl\"},\"image\":{\"@id\":\"https:\/\/projektyarchidea.pl\/#\/schema\/logo\/image\/\"}}]}<\/script>\n<!-- \/ Yoast SEO plugin. -->","yoast_head_json":{"title":"Indywidualne Projekty Dom\u00f3w Jednorodzinnych \u2013 Archidea Pracownia Projektowa | Agnieszka Rybia\u0142ek","description":"Tworzymy indywidualne projekty dom\u00f3w jednorodzinnych dopasowane do Twoich potrzeb. Zaufaj Archidea \u2013 zaprojektuj wymarzony dom z pracowni\u0105 Agnieszki Rybia\u0142ek.","robots":{"index":"index","follow":"follow","max-snippet":"max-snippet:-1","max-image-preview":"max-image-preview:large","max-video-preview":"max-video-preview:-1"},"canonical":"https:\/\/projektyarchidea.pl\/index.php\/projekty\/","og_locale":"pl_PL","og_type":"article","og_title":"Indywidualne Projekty Dom\u00f3w Jednorodzinnych \u2013 Archidea Pracownia Projektowa | Agnieszka Rybia\u0142ek","og_description":"Tworzymy indywidualne projekty dom\u00f3w jednorodzinnych dopasowane do Twoich potrzeb. Zaufaj Archidea \u2013 zaprojektuj wymarzony dom z pracowni\u0105 Agnieszki Rybia\u0142ek.","og_url":"https:\/\/projektyarchidea.pl\/index.php\/projekty\/","og_site_name":"projektyarchidea.pl","article_modified_time":"2024-11-27T11:25:57+00:00","og_image":[{"width":1920,"height":1251,"url":"https:\/\/projektyarchidea.pl\/wp-content\/uploads\/2024\/11\/05.jpg","type":"image\/jpeg"}],"twitter_card":"summary_large_image","twitter_misc":{"Szacowany czas czytania":"5 minut"},"schema":{"@context":"https:\/\/schema.org","@graph":[{"@type":"WebPage","@id":"https:\/\/projektyarchidea.pl\/index.php\/projekty\/","url":"https:\/\/projektyarchidea.pl\/index.php\/projekty\/","name":"Indywidualne Projekty Dom\u00f3w Jednorodzinnych \u2013 Archidea Pracownia Projektowa | Agnieszka Rybia\u0142ek","isPartOf":{"@id":"https:\/\/projektyarchidea.pl\/#website"},"primaryImageOfPage":{"@id":"https:\/\/projektyarchidea.pl\/index.php\/projekty\/#primaryimage"},"image":{"@id":"https:\/\/projektyarchidea.pl\/index.php\/projekty\/#primaryimage"},"thumbnailUrl":"https:\/\/projektyarchidea.pl\/wp-content\/uploads\/2024\/11\/05.jpg","datePublished":"2024-10-25T08:49:12+00:00","dateModified":"2024-11-27T11:25:57+00:00","description":"Tworzymy indywidualne projekty dom\u00f3w jednorodzinnych dopasowane do Twoich potrzeb. Zaufaj Archidea \u2013 zaprojektuj wymarzony dom z pracowni\u0105 Agnieszki Rybia\u0142ek.","breadcrumb":{"@id":"https:\/\/projektyarchidea.pl\/index.php\/projekty\/#breadcrumb"},"inLanguage":"pl-PL","potentialAction":[{"@type":"ReadAction","target":["https:\/\/projektyarchidea.pl\/index.php\/projekty\/"]}]},{"@type":"ImageObject","inLanguage":"pl-PL","@id":"https:\/\/projektyarchidea.pl\/index.php\/projekty\/#primaryimage","url":"https:\/\/projektyarchidea.pl\/wp-content\/uploads\/2024\/11\/05.jpg","contentUrl":"https:\/\/projektyarchidea.pl\/wp-content\/uploads\/2024\/11\/05.jpg","width":1920,"height":1251},{"@type":"BreadcrumbList","@id":"https:\/\/projektyarchidea.pl\/index.php\/projekty\/#breadcrumb","itemListElement":[{"@type":"ListItem","position":1,"name":"Strona g\u0142\u00f3wna","item":"https:\/\/projektyarchidea.pl\/"},{"@type":"ListItem","position":2,"name":"Projekty"}]},{"@type":"WebSite","@id":"https:\/\/projektyarchidea.pl\/#website","url":"https:\/\/projektyarchidea.pl\/","name":"projektyarchidea.pl","description":"","publisher":{"@id":"https:\/\/projektyarchidea.pl\/#organization"},"potentialAction":[{"@type":"SearchAction","target":{"@type":"EntryPoint","urlTemplate":"https:\/\/projektyarchidea.pl\/?s={search_term_string}"},"query-input":{"@type":"PropertyValueSpecification","valueRequired":true,"valueName":"search_term_string"}}],"inLanguage":"pl-PL"},{"@type":"Organization","@id":"https:\/\/projektyarchidea.pl\/#organization","name":"projektyarchidea.pl","url":"https:\/\/projektyarchidea.pl\/","logo":{"@type":"ImageObject","inLanguage":"pl-PL","@id":"https:\/\/projektyarchidea.pl\/#\/schema\/logo\/image\/","url":"https:\/\/projektyarchidea.pl\/wp-content\/uploads\/2024\/10\/LOGO-BEZ-TLA.png","contentUrl":"https:\/\/projektyarchidea.pl\/wp-content\/uploads\/2024\/10\/LOGO-BEZ-TLA.png","width":557,"height":537,"caption":"projektyarchidea.pl"},"image":{"@id":"https:\/\/projektyarchidea.pl\/#\/schema\/logo\/image\/"}}]}},"_links":{"self":[{"href":"https:\/\/projektyarchidea.pl\/index.php\/wp-json\/wp\/v2\/pages\/27"}],"collection":[{"href":"https:\/\/projektyarchidea.pl\/index.php\/wp-json\/wp\/v2\/pages"}],"about":[{"href":"https:\/\/projektyarchidea.pl\/index.php\/wp-json\/wp\/v2\/types\/page"}],"author":[{"embeddable":true,"href":"https:\/\/projektyarchidea.pl\/index.php\/wp-json\/wp\/v2\/users\/1"}],"replies":[{"embeddable":true,"href":"https:\/\/projektyarchidea.pl\/index.php\/wp-json\/wp\/v2\/comments?post=27"}],"version-history":[{"count":16,"href":"https:\/\/projektyarchidea.pl\/index.php\/wp-json\/wp\/v2\/pages\/27\/revisions"}],"predecessor-version":[{"id":456,"href":"https:\/\/projektyarchidea.pl\/index.php\/wp-json\/wp\/v2\/pages\/27\/revisions\/456"}],"wp:attachment":[{"href":"https:\/\/projektyarchidea.pl\/index.php\/wp-json\/wp\/v2\/media?parent=27"}],"curies":[{"name":"wp","href":"https:\/\/api.w.org\/{rel}","templated":true}]}}