{"id":237,"date":"2024-11-14T11:52:20","date_gmt":"2024-11-14T10:52:20","guid":{"rendered":"https:\/\/projektyarchidea.pl\/?page_id=237"},"modified":"2024-11-25T11:24:57","modified_gmt":"2024-11-25T10:24:57","slug":"blog","status":"publish","type":"page","link":"https:\/\/projektyarchidea.pl\/index.php\/blog\/","title":{"rendered":"Blog"},"content":{"rendered":"\n<div class=\"wp-block-query alignfull is-layout-flow wp-block-query-is-layout-flow\">\n<div class=\"wp-block-group alignfull is-layout-flow wp-block-group-is-layout-flow\" style=\"padding-top:0;padding-right:0;padding-bottom:0;padding-left:0\"><ul style=\"text-transform:none;\" class=\"wp-block-post-template has-global-padding is-layout-constrained wp-container-core-post-template-is-layout-1 wp-block-post-template-is-layout-constrained\"><li class=\"wp-block-post post-247 post type-post status-publish format-standard has-post-thumbnail hentry category-blog tag-architekt tag-architekt-kepno tag-architekt-wielun tag-architekt-wieruszow tag-architektura tag-cena-wizualizacji tag-materialy-marketingowe tag-render tag-render-3d tag-wizualizacje tag-wizualizacje-3d tag-wizualizacje-architektoniczne tag-wizualizacje-budynkow tag-wizualizacje-cennik tag-wizualizacje-dla-deweloperow tag-wizualizacje-kepno tag-wizualizacje-wielun tag-wizualizacje-wieruszow tag-wizualizacje-zewnetrzne\">\n\n<div class=\"wp-block-group is-layout-flow wp-block-group-is-layout-flow\" style=\"border-bottom-color:var(--wp--preset--color--contrast);border-bottom-width:1px\">\n<div class=\"wp-block-group is-content-justification-space-between is-nowrap is-layout-flex wp-container-core-group-is-layout-2 wp-block-group-is-layout-flex\" style=\"padding-top:16px;padding-right:16px;padding-bottom:16px;padding-left:16px\">\n<div class=\"wp-block-group is-nowrap is-layout-flex wp-container-core-group-is-layout-1 wp-block-group-is-layout-flex\"><div style=\"text-transform:uppercase; margin-top:0;margin-right:0;margin-bottom:0;margin-left:0;\" class=\"has-text-align-left has-link-color wp-elements-4003f76eccbf507a9e3d7e84a42ea154 wp-block-post-date has-text-color has-contrast-color has-small-font-size\"><time datetime=\"2024-11-14T12:07:46+01:00\">lis 14, 2024<\/time><\/div><\/div>\n<\/div>\n<\/div>\n\n\n\n<div class=\"wp-block-columns is-layout-flex wp-container-core-columns-is-layout-1 wp-block-columns-is-layout-flex\">\n<div class=\"wp-block-column is-layout-flow wp-block-column-is-layout-flow\"><figure style=\"margin-top:var(--wp--preset--spacing--20);margin-bottom:var(--wp--preset--spacing--20);\" class=\"wp-block-post-featured-image\"><img loading=\"lazy\" decoding=\"async\" width=\"1184\" height=\"765\" src=\"https:\/\/projektyarchidea.pl\/wp-content\/uploads\/2024\/11\/WIZUALIZACJA-WPIS-NA-BLOGA.jpg\" class=\"attachment-post-thumbnail size-post-thumbnail wp-post-image\" alt=\"Wizualizacja osiedla\" style=\"object-fit:cover;\" srcset=\"https:\/\/projektyarchidea.pl\/wp-content\/uploads\/2024\/11\/WIZUALIZACJA-WPIS-NA-BLOGA.jpg 1184w, https:\/\/projektyarchidea.pl\/wp-content\/uploads\/2024\/11\/WIZUALIZACJA-WPIS-NA-BLOGA-300x194.jpg 300w, https:\/\/projektyarchidea.pl\/wp-content\/uploads\/2024\/11\/WIZUALIZACJA-WPIS-NA-BLOGA-1024x662.jpg 1024w, https:\/\/projektyarchidea.pl\/wp-content\/uploads\/2024\/11\/WIZUALIZACJA-WPIS-NA-BLOGA-768x496.jpg 768w\" sizes=\"(max-width: 1184px) 100vw, 1184px\" \/><\/figure><\/div>\n\n\n\n<div class=\"wp-block-column is-layout-flow wp-block-column-is-layout-flow\"><h2 style=\"margin-top:var(--wp--preset--spacing--20);margin-bottom:var(--wp--preset--spacing--20);\" class=\"wp-block-post-title\">WIZUALIZACJE \u2013 dla kogo, po co i jaka cena?<\/h2>\n\n<div class=\"wp-block-post-excerpt\"><p class=\"wp-block-post-excerpt__excerpt\">Wizualizacje 3D to kluczowe narz\u0119dzie we wsp\u00f3\u0142czesnym projektowaniu i marketingu. Pomagaj\u0105 zrozumie\u0107 przestrze\u0144, kt\u00f3r\u0105 trudno jest w pe\u0142ni odda\u0107 na tradycyjnych rysunkach projektu architektoniczno-budowlanego. S\u0105 r\u00f3wnie\u017c niezast\u0105pionym wsparciem w promocji inwestycji, przyci\u0105gaj\u0105c uwag\u0119 klient\u00f3w i podnosz\u0105c warto\u015b\u0107 oferty. Dlaczego warto inwestowa\u0107 w wizualizacje? Cena wizualizacji &#8211; od czego zale\u017cy? Koszt wizualizacji jest ustalany indywidualnie i&hellip;<\/p><p class=\"wp-block-post-excerpt__more-text\"><a class=\"wp-block-post-excerpt__more-link\" href=\"https:\/\/projektyarchidea.pl\/index.php\/2024\/11\/14\/artykul-bloga\/\">Czytaj dalej&#8230;<\/a><\/p><\/div><\/div>\n<\/div>\n\n<\/li><\/ul><\/div>\n\n\n\n<div class=\"wp-block-columns is-layout-flex wp-container-core-columns-is-layout-2 wp-block-columns-is-layout-flex\">\n<div class=\"wp-block-column is-layout-flow wp-block-column-is-layout-flow\"><\/div>\n<\/div>\n<\/div>\n","protected":false},"excerpt":{"rendered":"","protected":false},"author":1,"featured_media":0,"parent":0,"menu_order":0,"comment_status":"closed","ping_status":"closed","template":"","meta":{"footnotes":""},"class_list":["post-237","page","type-page","status-publish","hentry"],"yoast_head":"<!-- This site is optimized with the Yoast SEO plugin v23.9 - https:\/\/yoast.com\/wordpress\/plugins\/seo\/ -->\n<title>Blog Archidea \u2013 Porady i Inspiracje dla Twojego Wymarzonego Domu | Agnieszka Rybia\u0142ek<\/title>\n<meta name=\"description\" content=\"Poznaj praktyczne porady, inspiracje i trendy w projektowaniu dom\u00f3w jednorodzinnych. Blog Archidea to miejsce, gdzie znajdziesz odpowiedzi na pytania dotycz\u0105ce budowy i aran\u017cacji domu.\" \/>\n<meta name=\"robots\" content=\"index, follow, max-snippet:-1, max-image-preview:large, max-video-preview:-1\" \/>\n<link rel=\"canonical\" href=\"https:\/\/projektyarchidea.pl\/index.php\/blog\/\" \/>\n<meta property=\"og:locale\" content=\"pl_PL\" \/>\n<meta property=\"og:type\" content=\"article\" \/>\n<meta property=\"og:title\" content=\"Blog Archidea \u2013 Porady i Inspiracje dla Twojego Wymarzonego Domu | Agnieszka Rybia\u0142ek\" \/>\n<meta property=\"og:description\" content=\"Poznaj praktyczne porady, inspiracje i trendy w projektowaniu dom\u00f3w jednorodzinnych. Blog Archidea to miejsce, gdzie znajdziesz odpowiedzi na pytania dotycz\u0105ce budowy i aran\u017cacji domu.\" \/>\n<meta property=\"og:url\" content=\"https:\/\/projektyarchidea.pl\/index.php\/blog\/\" \/>\n<meta property=\"og:site_name\" content=\"projektyarchidea.pl\" \/>\n<meta property=\"article:modified_time\" content=\"2024-11-25T10:24:57+00:00\" \/>\n<meta name=\"twitter:card\" content=\"summary_large_image\" \/>\n<script type=\"application\/ld+json\" class=\"yoast-schema-graph\">{\"@context\":\"https:\/\/schema.org\",\"@graph\":[{\"@type\":\"WebPage\",\"@id\":\"https:\/\/projektyarchidea.pl\/index.php\/blog\/\",\"url\":\"https:\/\/projektyarchidea.pl\/index.php\/blog\/\",\"name\":\"Blog Archidea \u2013 Porady i Inspiracje dla Twojego Wymarzonego Domu | Agnieszka Rybia\u0142ek\",\"isPartOf\":{\"@id\":\"https:\/\/projektyarchidea.pl\/#website\"},\"datePublished\":\"2024-11-14T10:52:20+00:00\",\"dateModified\":\"2024-11-25T10:24:57+00:00\",\"description\":\"Poznaj praktyczne porady, inspiracje i trendy w projektowaniu dom\u00f3w jednorodzinnych. Blog Archidea to miejsce, gdzie znajdziesz odpowiedzi na pytania dotycz\u0105ce budowy i aran\u017cacji domu.\",\"breadcrumb\":{\"@id\":\"https:\/\/projektyarchidea.pl\/index.php\/blog\/#breadcrumb\"},\"inLanguage\":\"pl-PL\",\"potentialAction\":[{\"@type\":\"ReadAction\",\"target\":[\"https:\/\/projektyarchidea.pl\/index.php\/blog\/\"]}]},{\"@type\":\"BreadcrumbList\",\"@id\":\"https:\/\/projektyarchidea.pl\/index.php\/blog\/#breadcrumb\",\"itemListElement\":[{\"@type\":\"ListItem\",\"position\":1,\"name\":\"Strona g\u0142\u00f3wna\",\"item\":\"https:\/\/projektyarchidea.pl\/\"},{\"@type\":\"ListItem\",\"position\":2,\"name\":\"Blog\"}]},{\"@type\":\"WebSite\",\"@id\":\"https:\/\/projektyarchidea.pl\/#website\",\"url\":\"https:\/\/projektyarchidea.pl\/\",\"name\":\"projektyarchidea.pl\",\"description\":\"\",\"publisher\":{\"@id\":\"https:\/\/projektyarchidea.pl\/#organization\"},\"potentialAction\":[{\"@type\":\"SearchAction\",\"target\":{\"@type\":\"EntryPoint\",\"urlTemplate\":\"https:\/\/projektyarchidea.pl\/?s={search_term_string}\"},\"query-input\":{\"@type\":\"PropertyValueSpecification\",\"valueRequired\":true,\"valueName\":\"search_term_string\"}}],\"inLanguage\":\"pl-PL\"},{\"@type\":\"Organization\",\"@id\":\"https:\/\/projektyarchidea.pl\/#organization\",\"name\":\"projektyarchidea.pl\",\"url\":\"https:\/\/projektyarchidea.pl\/\",\"logo\":{\"@type\":\"ImageObject\",\"inLanguage\":\"pl-PL\",\"@id\":\"https:\/\/projektyarchidea.pl\/#\/schema\/logo\/image\/\",\"url\":\"https:\/\/projektyarchidea.pl\/wp-content\/uploads\/2024\/10\/LOGO-BEZ-TLA.png\",\"contentUrl\":\"https:\/\/projektyarchidea.pl\/wp-content\/uploads\/2024\/10\/LOGO-BEZ-TLA.png\",\"width\":557,\"height\":537,\"caption\":\"projektyarchidea.pl\"},\"image\":{\"@id\":\"https:\/\/projektyarchidea.pl\/#\/schema\/logo\/image\/\"}}]}<\/script>\n<!-- \/ Yoast SEO plugin. -->","yoast_head_json":{"title":"Blog Archidea \u2013 Porady i Inspiracje dla Twojego Wymarzonego Domu | Agnieszka Rybia\u0142ek","description":"Poznaj praktyczne porady, inspiracje i trendy w projektowaniu dom\u00f3w jednorodzinnych. Blog Archidea to miejsce, gdzie znajdziesz odpowiedzi na pytania dotycz\u0105ce budowy i aran\u017cacji domu.","robots":{"index":"index","follow":"follow","max-snippet":"max-snippet:-1","max-image-preview":"max-image-preview:large","max-video-preview":"max-video-preview:-1"},"canonical":"https:\/\/projektyarchidea.pl\/index.php\/blog\/","og_locale":"pl_PL","og_type":"article","og_title":"Blog Archidea \u2013 Porady i Inspiracje dla Twojego Wymarzonego Domu | Agnieszka Rybia\u0142ek","og_description":"Poznaj praktyczne porady, inspiracje i trendy w projektowaniu dom\u00f3w jednorodzinnych. Blog Archidea to miejsce, gdzie znajdziesz odpowiedzi na pytania dotycz\u0105ce budowy i aran\u017cacji domu.","og_url":"https:\/\/projektyarchidea.pl\/index.php\/blog\/","og_site_name":"projektyarchidea.pl","article_modified_time":"2024-11-25T10:24:57+00:00","twitter_card":"summary_large_image","schema":{"@context":"https:\/\/schema.org","@graph":[{"@type":"WebPage","@id":"https:\/\/projektyarchidea.pl\/index.php\/blog\/","url":"https:\/\/projektyarchidea.pl\/index.php\/blog\/","name":"Blog Archidea \u2013 Porady i Inspiracje dla Twojego Wymarzonego Domu | Agnieszka Rybia\u0142ek","isPartOf":{"@id":"https:\/\/projektyarchidea.pl\/#website"},"datePublished":"2024-11-14T10:52:20+00:00","dateModified":"2024-11-25T10:24:57+00:00","description":"Poznaj praktyczne porady, inspiracje i trendy w projektowaniu dom\u00f3w jednorodzinnych. Blog Archidea to miejsce, gdzie znajdziesz odpowiedzi na pytania dotycz\u0105ce budowy i aran\u017cacji domu.","breadcrumb":{"@id":"https:\/\/projektyarchidea.pl\/index.php\/blog\/#breadcrumb"},"inLanguage":"pl-PL","potentialAction":[{"@type":"ReadAction","target":["https:\/\/projektyarchidea.pl\/index.php\/blog\/"]}]},{"@type":"BreadcrumbList","@id":"https:\/\/projektyarchidea.pl\/index.php\/blog\/#breadcrumb","itemListElement":[{"@type":"ListItem","position":1,"name":"Strona g\u0142\u00f3wna","item":"https:\/\/projektyarchidea.pl\/"},{"@type":"ListItem","position":2,"name":"Blog"}]},{"@type":"WebSite","@id":"https:\/\/projektyarchidea.pl\/#website","url":"https:\/\/projektyarchidea.pl\/","name":"projektyarchidea.pl","description":"","publisher":{"@id":"https:\/\/projektyarchidea.pl\/#organization"},"potentialAction":[{"@type":"SearchAction","target":{"@type":"EntryPoint","urlTemplate":"https:\/\/projektyarchidea.pl\/?s={search_term_string}"},"query-input":{"@type":"PropertyValueSpecification","valueRequired":true,"valueName":"search_term_string"}}],"inLanguage":"pl-PL"},{"@type":"Organization","@id":"https:\/\/projektyarchidea.pl\/#organization","name":"projektyarchidea.pl","url":"https:\/\/projektyarchidea.pl\/","logo":{"@type":"ImageObject","inLanguage":"pl-PL","@id":"https:\/\/projektyarchidea.pl\/#\/schema\/logo\/image\/","url":"https:\/\/projektyarchidea.pl\/wp-content\/uploads\/2024\/10\/LOGO-BEZ-TLA.png","contentUrl":"https:\/\/projektyarchidea.pl\/wp-content\/uploads\/2024\/10\/LOGO-BEZ-TLA.png","width":557,"height":537,"caption":"projektyarchidea.pl"},"image":{"@id":"https:\/\/projektyarchidea.pl\/#\/schema\/logo\/image\/"}}]}},"_links":{"self":[{"href":"https:\/\/projektyarchidea.pl\/index.php\/wp-json\/wp\/v2\/pages\/237"}],"collection":[{"href":"https:\/\/projektyarchidea.pl\/index.php\/wp-json\/wp\/v2\/pages"}],"about":[{"href":"https:\/\/projektyarchidea.pl\/index.php\/wp-json\/wp\/v2\/types\/page"}],"author":[{"embeddable":true,"href":"https:\/\/projektyarchidea.pl\/index.php\/wp-json\/wp\/v2\/users\/1"}],"replies":[{"embeddable":true,"href":"https:\/\/projektyarchidea.pl\/index.php\/wp-json\/wp\/v2\/comments?post=237"}],"version-history":[{"count":7,"href":"https:\/\/projektyarchidea.pl\/index.php\/wp-json\/wp\/v2\/pages\/237\/revisions"}],"predecessor-version":[{"id":259,"href":"https:\/\/projektyarchidea.pl\/index.php\/wp-json\/wp\/v2\/pages\/237\/revisions\/259"}],"wp:attachment":[{"href":"https:\/\/projektyarchidea.pl\/index.php\/wp-json\/wp\/v2\/media?parent=237"}],"curies":[{"name":"wp","href":"https:\/\/api.w.org\/{rel}","templated":true}]}}